{"id":2263,"date":"2018-06-13T13:06:05","date_gmt":"2018-06-13T13:06:05","guid":{"rendered":"https:\/\/end.pt\/pt\/?post_type=product&#038;p=2263"},"modified":"2021-05-02T21:56:13","modified_gmt":"2021-05-02T21:56:13","slug":"conjunto-de-inspeccao-espelhos-c-haste-telescopica-luminosa-e-iman","status":"publish","type":"product","link":"https:\/\/end.pt\/pt\/product\/conjunto-de-inspeccao-espelhos-c-haste-telescopica-luminosa-e-iman\/","title":{"rendered":"Conjunto de Inspec\u00e7\u00e3o &#8211; Espelhos c\/Haste Telesc\u00f3pica Luminosa e \u00cdman"},"content":{"rendered":"<p>Conjunto de inspec\u00e7\u00e3o composto pelos seguintes elementos:<\/p>\n<ul>\n<li>\u00cdman de inspec\u00e7\u00e3o com luz LED, extens\u00edvel at\u00e9 665mm, capacidade 450gr<\/li>\n<li>\u00cdman de inspec\u00e7\u00e3o com luz LED, extens\u00edvel at\u00e9 665mm, capacidade 3500gr<\/li>\n<li>3 espelhos de inspec\u00e7\u00e3o, di\u00e2metro 21 ; 31 ; 38 mm<\/li>\n<li>Saco e pilhas inclu\u00eddas<\/li>\n<\/ul>\n","protected":false},"excerpt":{"rendered":"<p>Conjunto de inspec\u00e7\u00e3o composto pelos seguintes elementos: \u00cdman de inspec\u00e7\u00e3o com luz LED, extens\u00edvel at\u00e9 665mm, capacidade 450gr \u00cdman de inspec\u00e7\u00e3o com luz LED, extens\u00edvel at\u00e9 665mm, capacidade 3500gr 3 espelhos de inspec\u00e7\u00e3o, di\u00e2metro 21 ; 31 ; 38 mm Saco e pilhas inclu\u00eddas<\/p>\n","protected":false},"featured_media":2264,"template":"","meta":{"_mi_skip_tracking":false},"product_cat":[20,22],"product_tag":[],"class_list":["post-2263","product","type-product","status-publish","has-post-thumbnail","hentry","product_cat-ensaios-visuais","product_cat-espelhos-para-inspeccao"],"_links":{"self":[{"href":"https:\/\/end.pt\/pt\/wp-json\/wp\/v3\/product\/2263","targetHints":{"allow":["GET"]}}],"collection":[{"href":"https:\/\/end.pt\/pt\/wp-json\/wp\/v3\/product"}],"about":[{"href":"https:\/\/end.pt\/pt\/wp-json\/wp\/v2\/types\/product"}],"version-history":[{"count":1,"href":"https:\/\/end.pt\/pt\/wp-json\/wp\/v3\/product\/2263\/revisions"}],"predecessor-version":[{"id":5271,"href":"https:\/\/end.pt\/pt\/wp-json\/wp\/v3\/product\/2263\/revisions\/5271"}],"wp:featuredmedia":[{"embeddable":true,"href":"https:\/\/end.pt\/pt\/wp-json\/wp\/v2\/media\/2264"}],"wp:attachment":[{"href":"https:\/\/end.pt\/pt\/wp-json\/wp\/v2\/media?parent=2263"}],"wp:term":[{"taxonomy":"product_cat","embeddable":true,"href":"https:\/\/end.pt\/pt\/wp-json\/wp\/v2\/product_cat?post=2263"},{"taxonomy":"product_tag","embeddable":true,"href":"https:\/\/end.pt\/pt\/wp-json\/wp\/v2\/product_tag?post=2263"}],"curies":[{"name":"wp","href":"https:\/\/api.w.org\/{rel}","templated":true}]}}