{"id":2277,"date":"2018-06-14T15:57:59","date_gmt":"2018-06-14T15:57:59","guid":{"rendered":"https:\/\/end.pt\/pt\/?post_type=product&#038;p=2277"},"modified":"2021-05-02T21:54:36","modified_gmt":"2021-05-02T21:54:36","slug":"escantilhao-profundidade-pit-ref-cat5a","status":"publish","type":"product","link":"https:\/\/end.pt\/pt\/product\/escantilhao-profundidade-pit-ref-cat5a\/","title":{"rendered":"Escantilh\u00e3o \u201cProfundidade Pit\u201d (REF.CAT5a)"},"content":{"rendered":"<p>Escantilh\u00e3o para medi\u00e7\u00e3o dos cortes inferiores (undercuts) e pits em incrementos. Verifica undercuts\/pits, porosidade.<br \/>\nFeito totalmente em a\u00e7o inoxid\u00e1vel.<\/p>\n","protected":false},"excerpt":{"rendered":"<p>Escantilh\u00e3o para medi\u00e7\u00e3o dos cortes inferiores (undercuts) e pits em incrementos. Verifica undercuts\/pits, porosidade. Feito totalmente em a\u00e7o inoxid\u00e1vel.<\/p>\n","protected":false},"featured_media":2278,"template":"","meta":{"_mi_skip_tracking":false},"product_cat":[20,24],"product_tag":[],"class_list":["post-2277","product","type-product","status-publish","has-post-thumbnail","hentry","product_cat-ensaios-visuais","product_cat-escantilhoes-de-soldadura"],"_links":{"self":[{"href":"https:\/\/end.pt\/pt\/wp-json\/wp\/v3\/product\/2277","targetHints":{"allow":["GET"]}}],"collection":[{"href":"https:\/\/end.pt\/pt\/wp-json\/wp\/v3\/product"}],"about":[{"href":"https:\/\/end.pt\/pt\/wp-json\/wp\/v2\/types\/product"}],"version-history":[{"count":1,"href":"https:\/\/end.pt\/pt\/wp-json\/wp\/v3\/product\/2277\/revisions"}],"predecessor-version":[{"id":5269,"href":"https:\/\/end.pt\/pt\/wp-json\/wp\/v3\/product\/2277\/revisions\/5269"}],"wp:featuredmedia":[{"embeddable":true,"href":"https:\/\/end.pt\/pt\/wp-json\/wp\/v2\/media\/2278"}],"wp:attachment":[{"href":"https:\/\/end.pt\/pt\/wp-json\/wp\/v2\/media?parent=2277"}],"wp:term":[{"taxonomy":"product_cat","embeddable":true,"href":"https:\/\/end.pt\/pt\/wp-json\/wp\/v2\/product_cat?post=2277"},{"taxonomy":"product_tag","embeddable":true,"href":"https:\/\/end.pt\/pt\/wp-json\/wp\/v2\/product_tag?post=2277"}],"curies":[{"name":"wp","href":"https:\/\/api.w.org\/{rel}","templated":true}]}}