{"id":2279,"date":"2018-06-14T16:00:41","date_gmt":"2018-06-14T16:00:41","guid":{"rendered":"https:\/\/end.pt\/pt\/?post_type=product&#038;p=2279"},"modified":"2021-05-02T21:54:13","modified_gmt":"2021-05-02T21:54:13","slug":"escantilhao-pit-ref-cat5f","status":"publish","type":"product","link":"https:\/\/end.pt\/pt\/product\/escantilhao-pit-ref-cat5f\/","title":{"rendered":"Escantilh\u00e3o \u201cPit\u201d (REF.CAT5f)"},"content":{"rendered":"<p>Escantilh\u00e3o para medi\u00e7\u00e3o dos cortes inferiores (undercuts) e pits em incrementos de 0.2mm. Verifica undercuts\/pits.<br \/>\nFeito totalmente em a\u00e7o inoxid\u00e1vel.<\/p>\n","protected":false},"excerpt":{"rendered":"<p>Escantilh\u00e3o para medi\u00e7\u00e3o dos cortes inferiores (undercuts) e pits em incrementos de 0.2mm. Verifica undercuts\/pits. Feito totalmente em a\u00e7o inoxid\u00e1vel.<\/p>\n","protected":false},"featured_media":2280,"template":"","meta":{"_mi_skip_tracking":false},"product_cat":[20,24],"product_tag":[],"class_list":["post-2279","product","type-product","status-publish","has-post-thumbnail","hentry","product_cat-ensaios-visuais","product_cat-escantilhoes-de-soldadura"],"_links":{"self":[{"href":"https:\/\/end.pt\/pt\/wp-json\/wp\/v3\/product\/2279","targetHints":{"allow":["GET"]}}],"collection":[{"href":"https:\/\/end.pt\/pt\/wp-json\/wp\/v3\/product"}],"about":[{"href":"https:\/\/end.pt\/pt\/wp-json\/wp\/v2\/types\/product"}],"version-history":[{"count":1,"href":"https:\/\/end.pt\/pt\/wp-json\/wp\/v3\/product\/2279\/revisions"}],"predecessor-version":[{"id":5268,"href":"https:\/\/end.pt\/pt\/wp-json\/wp\/v3\/product\/2279\/revisions\/5268"}],"wp:featuredmedia":[{"embeddable":true,"href":"https:\/\/end.pt\/pt\/wp-json\/wp\/v2\/media\/2280"}],"wp:attachment":[{"href":"https:\/\/end.pt\/pt\/wp-json\/wp\/v2\/media?parent=2279"}],"wp:term":[{"taxonomy":"product_cat","embeddable":true,"href":"https:\/\/end.pt\/pt\/wp-json\/wp\/v2\/product_cat?post=2279"},{"taxonomy":"product_tag","embeddable":true,"href":"https:\/\/end.pt\/pt\/wp-json\/wp\/v2\/product_tag?post=2279"}],"curies":[{"name":"wp","href":"https:\/\/api.w.org\/{rel}","templated":true}]}}