{"id":2281,"date":"2018-06-14T16:06:16","date_gmt":"2018-06-14T16:06:16","guid":{"rendered":"https:\/\/end.pt\/pt\/?post_type=product&#038;p=2281"},"modified":"2021-05-02T21:53:26","modified_gmt":"2021-05-02T21:53:26","slug":"conjunto-de-escantilhoes-p-soldadura-ref-a-cat8-2","status":"publish","type":"product","link":"https:\/\/end.pt\/pt\/product\/conjunto-de-escantilhoes-p-soldadura-ref-a-cat8-2\/","title":{"rendered":"Conjunto de Escantilh\u00f5es p\/ Soldadura (REF.\u00aa CAT8)"},"content":{"rendered":"<p>Escantilh\u00e3o tipo conjunto de 7 l\u00e2minas. Mede diferentes tamanhos para soldaduras c\u00f4ncavas ou convexas.<\/p>\n<p><strong><span style=\"color: #0000ff;\">Pode ser fornecido em duas vers\u00f5es:<\/span><\/strong><br \/>\na. CAT8 com marca\u00e7\u00e3o numa face<br \/>\nb. CAT8A com marca\u00e7\u00e3o em ambas as faces<\/p>\n<p><span style=\"color: #0000ff;\"><strong>Podem ainda ser fornecidas as l\u00e2minas em separado:<\/strong><\/span><br \/>\nc. Com marca\u00e7\u00e3o numa face<br \/>\nd. Com marca\u00e7\u00e3o em ambas as faces<\/p>\n","protected":false},"excerpt":{"rendered":"<p>Escantilh\u00e3o tipo conjunto de 7 l\u00e2minas. Mede diferentes tamanhos para soldaduras c\u00f4ncavas ou convexas. Pode ser fornecido em duas vers\u00f5es: a. CAT8 com marca\u00e7\u00e3o numa face b. CAT8A com marca\u00e7\u00e3o em ambas as faces Podem ainda ser fornecidas as l\u00e2minas em separado: c. Com marca\u00e7\u00e3o numa face d. Com marca\u00e7\u00e3o em ambas as faces<\/p>\n","protected":false},"featured_media":2282,"template":"","meta":{"_mi_skip_tracking":false},"product_cat":[20,24],"product_tag":[],"class_list":["post-2281","product","type-product","status-publish","has-post-thumbnail","hentry","product_cat-ensaios-visuais","product_cat-escantilhoes-de-soldadura"],"_links":{"self":[{"href":"https:\/\/end.pt\/pt\/wp-json\/wp\/v3\/product\/2281","targetHints":{"allow":["GET"]}}],"collection":[{"href":"https:\/\/end.pt\/pt\/wp-json\/wp\/v3\/product"}],"about":[{"href":"https:\/\/end.pt\/pt\/wp-json\/wp\/v2\/types\/product"}],"version-history":[{"count":1,"href":"https:\/\/end.pt\/pt\/wp-json\/wp\/v3\/product\/2281\/revisions"}],"predecessor-version":[{"id":5267,"href":"https:\/\/end.pt\/pt\/wp-json\/wp\/v3\/product\/2281\/revisions\/5267"}],"wp:featuredmedia":[{"embeddable":true,"href":"https:\/\/end.pt\/pt\/wp-json\/wp\/v2\/media\/2282"}],"wp:attachment":[{"href":"https:\/\/end.pt\/pt\/wp-json\/wp\/v2\/media?parent=2281"}],"wp:term":[{"taxonomy":"product_cat","embeddable":true,"href":"https:\/\/end.pt\/pt\/wp-json\/wp\/v2\/product_cat?post=2281"},{"taxonomy":"product_tag","embeddable":true,"href":"https:\/\/end.pt\/pt\/wp-json\/wp\/v2\/product_tag?post=2281"}],"curies":[{"name":"wp","href":"https:\/\/api.w.org\/{rel}","templated":true}]}}