{"id":2283,"date":"2018-06-14T16:08:51","date_gmt":"2018-06-14T16:08:51","guid":{"rendered":"https:\/\/end.pt\/pt\/?post_type=product&#038;p=2283"},"modified":"2021-05-02T21:52:05","modified_gmt":"2021-05-02T21:52:05","slug":"conjunto-de-escantilhoes-p-soldadura-12-laminas-ref-a-cat8d","status":"publish","type":"product","link":"https:\/\/end.pt\/pt\/product\/conjunto-de-escantilhoes-p-soldadura-12-laminas-ref-a-cat8d\/","title":{"rendered":"Conjunto de Escantilh\u00f5es p\/ Soldadura \u2013 12 l\u00e2minas (REF.\u00aa CAT8d)"},"content":{"rendered":"<p>Escantilh\u00e3o tipo conjunto de 12 l\u00e2minas. Mede diferentes tamanhos para soldaduras c\u00f4ncavas ou convexas.<br \/>\n\u201cFillet Let e Tamanho da Garganta\u201d.<\/p>\n","protected":false},"excerpt":{"rendered":"<p>Escantilh\u00e3o tipo conjunto de 12 l\u00e2minas. Mede diferentes tamanhos para soldaduras c\u00f4ncavas ou convexas. \u201cFillet Let e Tamanho da Garganta\u201d.<\/p>\n","protected":false},"featured_media":2284,"template":"","meta":{"_mi_skip_tracking":false},"product_cat":[20,24],"product_tag":[],"class_list":["post-2283","product","type-product","status-publish","has-post-thumbnail","hentry","product_cat-ensaios-visuais","product_cat-escantilhoes-de-soldadura"],"_links":{"self":[{"href":"https:\/\/end.pt\/pt\/wp-json\/wp\/v3\/product\/2283","targetHints":{"allow":["GET"]}}],"collection":[{"href":"https:\/\/end.pt\/pt\/wp-json\/wp\/v3\/product"}],"about":[{"href":"https:\/\/end.pt\/pt\/wp-json\/wp\/v2\/types\/product"}],"version-history":[{"count":1,"href":"https:\/\/end.pt\/pt\/wp-json\/wp\/v3\/product\/2283\/revisions"}],"predecessor-version":[{"id":5266,"href":"https:\/\/end.pt\/pt\/wp-json\/wp\/v3\/product\/2283\/revisions\/5266"}],"wp:featuredmedia":[{"embeddable":true,"href":"https:\/\/end.pt\/pt\/wp-json\/wp\/v2\/media\/2284"}],"wp:attachment":[{"href":"https:\/\/end.pt\/pt\/wp-json\/wp\/v2\/media?parent=2283"}],"wp:term":[{"taxonomy":"product_cat","embeddable":true,"href":"https:\/\/end.pt\/pt\/wp-json\/wp\/v2\/product_cat?post=2283"},{"taxonomy":"product_tag","embeddable":true,"href":"https:\/\/end.pt\/pt\/wp-json\/wp\/v2\/product_tag?post=2283"}],"curies":[{"name":"wp","href":"https:\/\/api.w.org\/{rel}","templated":true}]}}