{"id":2285,"date":"2018-06-14T16:13:15","date_gmt":"2018-06-14T16:13:15","guid":{"rendered":"https:\/\/end.pt\/pt\/?post_type=product&#038;p=2285"},"modified":"2021-05-02T21:51:50","modified_gmt":"2021-05-02T21:51:50","slug":"escantilhao-tipo-j-mecanico-ref-a-cat-18a","status":"publish","type":"product","link":"https:\/\/end.pt\/pt\/product\/escantilhao-tipo-j-mecanico-ref-a-cat-18a\/","title":{"rendered":"Escantilh\u00e3o \u201cTipo J\u201d mec\u00e2nico (REF.\u00aa CAT 18A)"},"content":{"rendered":"<p>Modelo de alta precis\u00e3o, para medi\u00e7\u00e3o de soldaduras topo a topo e de \u00e2ngulo.<br \/>\nCom \u00e2ngulos de 60\u00ba, 70\u00ba, 80\u00ba e 90\u00ba para chanfros em V.<br \/>\nDimens\u00e3o da r\u00e9gua: 20 m.<\/p>\n","protected":false},"excerpt":{"rendered":"<p>Modelo de alta precis\u00e3o, para medi\u00e7\u00e3o de soldaduras topo a topo e de \u00e2ngulo. Com \u00e2ngulos de 60\u00ba, 70\u00ba, 80\u00ba e 90\u00ba para chanfros em V. Dimens\u00e3o da r\u00e9gua: 20 m.<\/p>\n","protected":false},"featured_media":2286,"template":"","meta":{"_mi_skip_tracking":false},"product_cat":[20,24],"product_tag":[],"class_list":["post-2285","product","type-product","status-publish","has-post-thumbnail","hentry","product_cat-ensaios-visuais","product_cat-escantilhoes-de-soldadura"],"_links":{"self":[{"href":"https:\/\/end.pt\/pt\/wp-json\/wp\/v3\/product\/2285","targetHints":{"allow":["GET"]}}],"collection":[{"href":"https:\/\/end.pt\/pt\/wp-json\/wp\/v3\/product"}],"about":[{"href":"https:\/\/end.pt\/pt\/wp-json\/wp\/v2\/types\/product"}],"version-history":[{"count":1,"href":"https:\/\/end.pt\/pt\/wp-json\/wp\/v3\/product\/2285\/revisions"}],"predecessor-version":[{"id":5265,"href":"https:\/\/end.pt\/pt\/wp-json\/wp\/v3\/product\/2285\/revisions\/5265"}],"wp:featuredmedia":[{"embeddable":true,"href":"https:\/\/end.pt\/pt\/wp-json\/wp\/v2\/media\/2286"}],"wp:attachment":[{"href":"https:\/\/end.pt\/pt\/wp-json\/wp\/v2\/media?parent=2285"}],"wp:term":[{"taxonomy":"product_cat","embeddable":true,"href":"https:\/\/end.pt\/pt\/wp-json\/wp\/v2\/product_cat?post=2285"},{"taxonomy":"product_tag","embeddable":true,"href":"https:\/\/end.pt\/pt\/wp-json\/wp\/v2\/product_tag?post=2285"}],"curies":[{"name":"wp","href":"https:\/\/api.w.org\/{rel}","templated":true}]}}