{"id":2287,"date":"2018-06-14T16:17:26","date_gmt":"2018-06-14T16:17:26","guid":{"rendered":"https:\/\/end.pt\/pt\/?post_type=product&#038;p=2287"},"modified":"2021-05-02T21:51:33","modified_gmt":"2021-05-02T21:51:33","slug":"escantilhao-de-soldadura-de-combinacao-ref-a-cat-20","status":"publish","type":"product","link":"https:\/\/end.pt\/pt\/product\/escantilhao-de-soldadura-de-combinacao-ref-a-cat-20\/","title":{"rendered":"Escantilh\u00e3o de Soldadura de Combina\u00e7\u00e3o (REF.\u00aa CAT 20)"},"content":{"rendered":"<p>Escantilh\u00e3o de soldadura, feito em a\u00e7o inoxid\u00e1vel, de combina\u00e7\u00e3o.<br \/>\nCapaz de medir em polegadas e sistema m\u00e9trico, v\u00e1rias posi\u00e7\u00f5es.<\/p>\n","protected":false},"excerpt":{"rendered":"<p>Escantilh\u00e3o de soldadura, feito em a\u00e7o inoxid\u00e1vel, de combina\u00e7\u00e3o. Capaz de medir em polegadas e sistema m\u00e9trico, v\u00e1rias posi\u00e7\u00f5es.<\/p>\n","protected":false},"featured_media":2288,"template":"","meta":{"_mi_skip_tracking":false},"product_cat":[20,24],"product_tag":[],"class_list":["post-2287","product","type-product","status-publish","has-post-thumbnail","hentry","product_cat-ensaios-visuais","product_cat-escantilhoes-de-soldadura"],"_links":{"self":[{"href":"https:\/\/end.pt\/pt\/wp-json\/wp\/v3\/product\/2287","targetHints":{"allow":["GET"]}}],"collection":[{"href":"https:\/\/end.pt\/pt\/wp-json\/wp\/v3\/product"}],"about":[{"href":"https:\/\/end.pt\/pt\/wp-json\/wp\/v2\/types\/product"}],"version-history":[{"count":1,"href":"https:\/\/end.pt\/pt\/wp-json\/wp\/v3\/product\/2287\/revisions"}],"predecessor-version":[{"id":5264,"href":"https:\/\/end.pt\/pt\/wp-json\/wp\/v3\/product\/2287\/revisions\/5264"}],"wp:featuredmedia":[{"embeddable":true,"href":"https:\/\/end.pt\/pt\/wp-json\/wp\/v2\/media\/2288"}],"wp:attachment":[{"href":"https:\/\/end.pt\/pt\/wp-json\/wp\/v2\/media?parent=2287"}],"wp:term":[{"taxonomy":"product_cat","embeddable":true,"href":"https:\/\/end.pt\/pt\/wp-json\/wp\/v2\/product_cat?post=2287"},{"taxonomy":"product_tag","embeddable":true,"href":"https:\/\/end.pt\/pt\/wp-json\/wp\/v2\/product_tag?post=2287"}],"curies":[{"name":"wp","href":"https:\/\/api.w.org\/{rel}","templated":true}]}}