{"id":2289,"date":"2018-06-14T16:27:17","date_gmt":"2018-06-14T16:27:17","guid":{"rendered":"https:\/\/end.pt\/pt\/?post_type=product&#038;p=2289"},"modified":"2021-05-02T21:51:16","modified_gmt":"2021-05-02T21:51:16","slug":"escantilhao-de-soldadura-multifuncoes-ref-a-hjc40b","status":"publish","type":"product","link":"https:\/\/end.pt\/pt\/product\/escantilhao-de-soldadura-multifuncoes-ref-a-hjc40b\/","title":{"rendered":"Escantilh\u00e3o de Soldadura MultiFun\u00e7\u00f5es (REF.\u00aa HJC40B)"},"content":{"rendered":"<p>Escantilh\u00e3o em a\u00e7o inox composto por uma escala principal, um deslizador e r\u00e9gua multifun\u00e7\u00e3o.<br \/>\nUtilizado para inspecionar o \u00e2ngulo de entalhe, a altura, o intervalo, e a espessura da soldadura.<\/p>\n","protected":false},"excerpt":{"rendered":"<p>Escantilh\u00e3o em a\u00e7o inox composto por uma escala principal, um deslizador e r\u00e9gua multifun\u00e7\u00e3o. Utilizado para inspecionar o \u00e2ngulo de entalhe, a altura, o intervalo, e a espessura da soldadura.<\/p>\n","protected":false},"featured_media":2290,"template":"","meta":{"_mi_skip_tracking":false},"product_cat":[20,24],"product_tag":[],"class_list":["post-2289","product","type-product","status-publish","has-post-thumbnail","hentry","product_cat-ensaios-visuais","product_cat-escantilhoes-de-soldadura"],"_links":{"self":[{"href":"https:\/\/end.pt\/pt\/wp-json\/wp\/v3\/product\/2289","targetHints":{"allow":["GET"]}}],"collection":[{"href":"https:\/\/end.pt\/pt\/wp-json\/wp\/v3\/product"}],"about":[{"href":"https:\/\/end.pt\/pt\/wp-json\/wp\/v2\/types\/product"}],"version-history":[{"count":1,"href":"https:\/\/end.pt\/pt\/wp-json\/wp\/v3\/product\/2289\/revisions"}],"predecessor-version":[{"id":5263,"href":"https:\/\/end.pt\/pt\/wp-json\/wp\/v3\/product\/2289\/revisions\/5263"}],"wp:featuredmedia":[{"embeddable":true,"href":"https:\/\/end.pt\/pt\/wp-json\/wp\/v2\/media\/2290"}],"wp:attachment":[{"href":"https:\/\/end.pt\/pt\/wp-json\/wp\/v2\/media?parent=2289"}],"wp:term":[{"taxonomy":"product_cat","embeddable":true,"href":"https:\/\/end.pt\/pt\/wp-json\/wp\/v2\/product_cat?post=2289"},{"taxonomy":"product_tag","embeddable":true,"href":"https:\/\/end.pt\/pt\/wp-json\/wp\/v2\/product_tag?post=2289"}],"curies":[{"name":"wp","href":"https:\/\/api.w.org\/{rel}","templated":true}]}}