{"id":2308,"date":"2018-06-25T22:34:53","date_gmt":"2018-06-25T22:34:53","guid":{"rendered":"https:\/\/end.pt\/pt\/?post_type=product&#038;p=2308"},"modified":"2021-05-02T21:48:43","modified_gmt":"2021-05-02T21:48:43","slug":"padrao-de-referencia-sensibilidade-tipo-no-1-en-iso-3452-3","status":"publish","type":"product","link":"https:\/\/end.pt\/pt\/product\/padrao-de-referencia-sensibilidade-tipo-no-1-en-iso-3452-3\/","title":{"rendered":"Padr\u00e3o de refer\u00eancia\/sensibilidade Tipo N\u00ba 1 (EN ISO 3452-3)"},"content":{"rendered":"<p>Padr\u00e3o para determina\u00e7\u00e3o dos n\u00edveis de sensibilidade dos sistemas de contraste de penetrante fluorescente ou colorido.<br \/>\nPares de pain\u00e9is de lat\u00e3o com dimens\u00f5es 35 x 100 x 2 mm, com camadas de n\u00edquel-cr\u00f3mio com 10, 20, 30 ou 50 \u00b5m de espessura. As profundidades das falhas s\u00e3o definidas pela espessura da camada de n\u00edquel-cr\u00f3mio. S\u00e3o feitas falhas transversais em cada painel, esticando os mesmos na direc\u00e7\u00e3o longitudinal. O r\u00e1cio largura\/profundidade de cada falha deve ser aprox. 1:20.<br \/>\nOs pain\u00e9is com 10 \u00b5m, 20 \u00b5m e 30 \u00b5m s\u00e3o utilizados para determinar a sensibilidade de sistemas de penetrantes fluorescentes. Os pain\u00e9is com 30 \u00b5m e 50 \u00b5m para determina\u00e7\u00e3o da sensibilidade de sistemas coloridos. Podem ser fornecidos conjuntos de 4 pain\u00e9is, ou aos pares individuais.<\/p>\n","protected":false},"excerpt":{"rendered":"<p>Padr\u00e3o para determina\u00e7\u00e3o dos n\u00edveis de sensibilidade dos sistemas de contraste de penetrante fluorescente ou colorido. Pares de pain\u00e9is de lat\u00e3o com dimens\u00f5es 35 x 100 x 2 mm, com camadas de n\u00edquel-cr\u00f3mio com 10, 20, 30 ou 50 \u00b5m de espessura. As profundidades das falhas s\u00e3o definidas pela espessura da camada de n\u00edquel-cr\u00f3mio. S\u00e3o [&hellip;]<\/p>\n","protected":false},"featured_media":2310,"template":"","meta":{"_mi_skip_tracking":false},"product_cat":[29,25],"product_tag":[],"class_list":["post-2308","product","type-product","status-publish","has-post-thumbnail","hentry","product_cat-acessorios-usados-em-ensaios-por-liquidos-penetrantes","product_cat-liquidos-penetrantes"],"_links":{"self":[{"href":"https:\/\/end.pt\/pt\/wp-json\/wp\/v3\/product\/2308","targetHints":{"allow":["GET"]}}],"collection":[{"href":"https:\/\/end.pt\/pt\/wp-json\/wp\/v3\/product"}],"about":[{"href":"https:\/\/end.pt\/pt\/wp-json\/wp\/v2\/types\/product"}],"version-history":[{"count":1,"href":"https:\/\/end.pt\/pt\/wp-json\/wp\/v3\/product\/2308\/revisions"}],"predecessor-version":[{"id":5258,"href":"https:\/\/end.pt\/pt\/wp-json\/wp\/v3\/product\/2308\/revisions\/5258"}],"wp:featuredmedia":[{"embeddable":true,"href":"https:\/\/end.pt\/pt\/wp-json\/wp\/v2\/media\/2310"}],"wp:attachment":[{"href":"https:\/\/end.pt\/pt\/wp-json\/wp\/v2\/media?parent=2308"}],"wp:term":[{"taxonomy":"product_cat","embeddable":true,"href":"https:\/\/end.pt\/pt\/wp-json\/wp\/v2\/product_cat?post=2308"},{"taxonomy":"product_tag","embeddable":true,"href":"https:\/\/end.pt\/pt\/wp-json\/wp\/v2\/product_tag?post=2308"}],"curies":[{"name":"wp","href":"https:\/\/api.w.org\/{rel}","templated":true}]}}