{"id":2311,"date":"2018-06-25T22:42:03","date_gmt":"2018-06-25T22:42:03","guid":{"rendered":"https:\/\/end.pt\/pt\/?post_type=product&#038;p=2311"},"modified":"2021-05-02T21:48:27","modified_gmt":"2021-05-02T21:48:27","slug":"padrao-de-referencia-tipo-no-2-en-iso-3452-3","status":"publish","type":"product","link":"https:\/\/end.pt\/pt\/product\/padrao-de-referencia-tipo-no-2-en-iso-3452-3\/","title":{"rendered":"Padr\u00e3o de refer\u00eancia Tipo N\u00ba 2 (EN ISO 3452-3)"},"content":{"rendered":"<p>O bloco de refer\u00eancia Tipo 2 consiste numa placa de base austen\u00edtica, cromada num lado, e o outro lado consiste em 4 campos com diferentes rugosidades na superf\u00edcie para controlo de limpeza.<br \/>\nNa parte traseira do lado cromado est\u00e3o 5 defeitos em forma de estrela centrados de diferentes tamanhos. Este lado serve para controlo do material de inspec\u00e7\u00e3o.<\/p>\n","protected":false},"excerpt":{"rendered":"<p>O bloco de refer\u00eancia Tipo 2 consiste numa placa de base austen\u00edtica, cromada num lado, e o outro lado consiste em 4 campos com diferentes rugosidades na superf\u00edcie para controlo de limpeza. Na parte traseira do lado cromado est\u00e3o 5 defeitos em forma de estrela centrados de diferentes tamanhos. Este lado serve para controlo do [&hellip;]<\/p>\n","protected":false},"featured_media":2313,"template":"","meta":{"_mi_skip_tracking":false},"product_cat":[29,25],"product_tag":[],"class_list":["post-2311","product","type-product","status-publish","has-post-thumbnail","hentry","product_cat-acessorios-usados-em-ensaios-por-liquidos-penetrantes","product_cat-liquidos-penetrantes"],"_links":{"self":[{"href":"https:\/\/end.pt\/pt\/wp-json\/wp\/v3\/product\/2311","targetHints":{"allow":["GET"]}}],"collection":[{"href":"https:\/\/end.pt\/pt\/wp-json\/wp\/v3\/product"}],"about":[{"href":"https:\/\/end.pt\/pt\/wp-json\/wp\/v2\/types\/product"}],"version-history":[{"count":1,"href":"https:\/\/end.pt\/pt\/wp-json\/wp\/v3\/product\/2311\/revisions"}],"predecessor-version":[{"id":5257,"href":"https:\/\/end.pt\/pt\/wp-json\/wp\/v3\/product\/2311\/revisions\/5257"}],"wp:featuredmedia":[{"embeddable":true,"href":"https:\/\/end.pt\/pt\/wp-json\/wp\/v2\/media\/2313"}],"wp:attachment":[{"href":"https:\/\/end.pt\/pt\/wp-json\/wp\/v2\/media?parent=2311"}],"wp:term":[{"taxonomy":"product_cat","embeddable":true,"href":"https:\/\/end.pt\/pt\/wp-json\/wp\/v2\/product_cat?post=2311"},{"taxonomy":"product_tag","embeddable":true,"href":"https:\/\/end.pt\/pt\/wp-json\/wp\/v2\/product_tag?post=2311"}],"curies":[{"name":"wp","href":"https:\/\/api.w.org\/{rel}","templated":true}]}}