{"id":2317,"date":"2018-06-25T22:50:49","date_gmt":"2018-06-25T22:50:49","guid":{"rendered":"https:\/\/end.pt\/pt\/?post_type=product&#038;p=2317"},"modified":"2021-05-02T21:48:05","modified_gmt":"2021-05-02T21:48:05","slug":"padrao-de-referencia-tipo-jis-z-2343","status":"publish","type":"product","link":"https:\/\/end.pt\/pt\/product\/padrao-de-referencia-tipo-jis-z-2343\/","title":{"rendered":"Padr\u00e3o de refer\u00eancia Tipo JIS Z 2343"},"content":{"rendered":"<p>Consiste em dois pain\u00e9is em lat\u00e3o (35 x 100 x 2 mm), cobertos com uma camada de Ni-Cr de 10, 20, 30 ou 50 \u00b5m (tal como o bloco tipo 1), com defeitos e falhas com profundidades definidas pela camada de Ni-Cr. As falhas transversais s\u00e3o produzidas ao esticar os pain\u00e9is na direc\u00e7\u00e3o longitudinal.<br \/>\nO r\u00e1cio largura\/profundidade de cada falha deve ser aprox. 1:20.<br \/>\nOs paineis com 10 \u00b5m, 20 \u00b5m e 30 \u00b5m s\u00e3o utilizados para determinar a sensibilidade de sistemas de penetrantes fluorescentes. Os pain\u00e9is com 30 \u00b5m e 50 \u00b5m para determina\u00e7\u00e3o da sensibilidade de sistemas coloridos. O par de pain\u00e9is permite compara\u00e7\u00e3o directa de dois meios de teste diferentes.<\/p>\n","protected":false},"excerpt":{"rendered":"<p>Consiste em dois pain\u00e9is em lat\u00e3o (35 x 100 x 2 mm), cobertos com uma camada de Ni-Cr de 10, 20, 30 ou 50 \u00b5m (tal como o bloco tipo 1), com defeitos e falhas com profundidades definidas pela camada de Ni-Cr. As falhas transversais s\u00e3o produzidas ao esticar os pain\u00e9is na direc\u00e7\u00e3o longitudinal. O [&hellip;]<\/p>\n","protected":false},"featured_media":2318,"template":"","meta":{"_mi_skip_tracking":false},"product_cat":[29,25],"product_tag":[],"class_list":["post-2317","product","type-product","status-publish","has-post-thumbnail","hentry","product_cat-acessorios-usados-em-ensaios-por-liquidos-penetrantes","product_cat-liquidos-penetrantes"],"_links":{"self":[{"href":"https:\/\/end.pt\/pt\/wp-json\/wp\/v3\/product\/2317","targetHints":{"allow":["GET"]}}],"collection":[{"href":"https:\/\/end.pt\/pt\/wp-json\/wp\/v3\/product"}],"about":[{"href":"https:\/\/end.pt\/pt\/wp-json\/wp\/v2\/types\/product"}],"version-history":[{"count":1,"href":"https:\/\/end.pt\/pt\/wp-json\/wp\/v3\/product\/2317\/revisions"}],"predecessor-version":[{"id":5256,"href":"https:\/\/end.pt\/pt\/wp-json\/wp\/v3\/product\/2317\/revisions\/5256"}],"wp:featuredmedia":[{"embeddable":true,"href":"https:\/\/end.pt\/pt\/wp-json\/wp\/v2\/media\/2318"}],"wp:attachment":[{"href":"https:\/\/end.pt\/pt\/wp-json\/wp\/v2\/media?parent=2317"}],"wp:term":[{"taxonomy":"product_cat","embeddable":true,"href":"https:\/\/end.pt\/pt\/wp-json\/wp\/v2\/product_cat?post=2317"},{"taxonomy":"product_tag","embeddable":true,"href":"https:\/\/end.pt\/pt\/wp-json\/wp\/v2\/product_tag?post=2317"}],"curies":[{"name":"wp","href":"https:\/\/api.w.org\/{rel}","templated":true}]}}