{"id":2319,"date":"2018-06-25T22:54:16","date_gmt":"2018-06-25T22:54:16","guid":{"rendered":"https:\/\/end.pt\/pt\/?post_type=product&#038;p=2319"},"modified":"2021-05-02T21:47:48","modified_gmt":"2021-05-02T21:47:48","slug":"padrao-de-referencia-nr-5-psm-5","status":"publish","type":"product","link":"https:\/\/end.pt\/pt\/product\/padrao-de-referencia-nr-5-psm-5\/","title":{"rendered":"Padr\u00e3o de refer\u00eancia NR-5 (PSM-5)"},"content":{"rendered":"<p>Padr\u00e3o de refer\u00eancia NR-5 corresponde ao bloco de refer\u00eancia PSM-5, de acordo com a ASTM (Painel TAM 146040).<br \/>\nPainel rectangular, com 10&#215;15 cm, largura 2,3mm, feito de a\u00e7o inoxid\u00e1vel, com faixas de cr\u00f3mio de um lado e 5 defeitos centrados. O outro lado \u00e9 jacteado com areia (rugosidade m\u00e9dia).<br \/>\nO lado com os defeitos \u00e9 utilizado para monitoriza\u00e7\u00e3o e controlo de todo o processo do ensaio de l\u00edquidos penetrantes. O lado rugoso \u00e9 utilizado para controle da remo\u00e7\u00e3o do excesso de penetrante.<\/p>\n","protected":false},"excerpt":{"rendered":"<p>Padr\u00e3o de refer\u00eancia NR-5 corresponde ao bloco de refer\u00eancia PSM-5, de acordo com a ASTM (Painel TAM 146040). Painel rectangular, com 10&#215;15 cm, largura 2,3mm, feito de a\u00e7o inoxid\u00e1vel, com faixas de cr\u00f3mio de um lado e 5 defeitos centrados. O outro lado \u00e9 jacteado com areia (rugosidade m\u00e9dia). O lado com os defeitos \u00e9 [&hellip;]<\/p>\n","protected":false},"featured_media":2320,"template":"","meta":{"_mi_skip_tracking":false},"product_cat":[29,25],"product_tag":[],"class_list":["post-2319","product","type-product","status-publish","has-post-thumbnail","hentry","product_cat-acessorios-usados-em-ensaios-por-liquidos-penetrantes","product_cat-liquidos-penetrantes"],"_links":{"self":[{"href":"https:\/\/end.pt\/pt\/wp-json\/wp\/v3\/product\/2319","targetHints":{"allow":["GET"]}}],"collection":[{"href":"https:\/\/end.pt\/pt\/wp-json\/wp\/v3\/product"}],"about":[{"href":"https:\/\/end.pt\/pt\/wp-json\/wp\/v2\/types\/product"}],"version-history":[{"count":2,"href":"https:\/\/end.pt\/pt\/wp-json\/wp\/v3\/product\/2319\/revisions"}],"predecessor-version":[{"id":5255,"href":"https:\/\/end.pt\/pt\/wp-json\/wp\/v3\/product\/2319\/revisions\/5255"}],"wp:featuredmedia":[{"embeddable":true,"href":"https:\/\/end.pt\/pt\/wp-json\/wp\/v2\/media\/2320"}],"wp:attachment":[{"href":"https:\/\/end.pt\/pt\/wp-json\/wp\/v2\/media?parent=2319"}],"wp:term":[{"taxonomy":"product_cat","embeddable":true,"href":"https:\/\/end.pt\/pt\/wp-json\/wp\/v2\/product_cat?post=2319"},{"taxonomy":"product_tag","embeddable":true,"href":"https:\/\/end.pt\/pt\/wp-json\/wp\/v2\/product_tag?post=2319"}],"curies":[{"name":"wp","href":"https:\/\/api.w.org\/{rel}","templated":true}]}}