{"id":2321,"date":"2018-06-25T22:59:49","date_gmt":"2018-06-25T22:59:49","guid":{"rendered":"https:\/\/end.pt\/pt\/?post_type=product&#038;p=2321"},"modified":"2021-05-02T21:47:27","modified_gmt":"2021-05-02T21:47:27","slug":"padrao-de-teste-wtp-1","status":"publish","type":"product","link":"https:\/\/end.pt\/pt\/product\/padrao-de-teste-wtp-1\/","title":{"rendered":"Padr\u00e3o de teste WTP-1"},"content":{"rendered":"<p>O painel WTP-1 \u00e9 um painel de a\u00e7o inoxid\u00e1vel, com 4&#215;6 polegadas e espessura 0,090\u201d, com duas faixas paralelas de m\u00e9dia rugosidade, separadas por uma faixa lisa de 1 polegada. Desenhado para avalia\u00e7\u00e3o da removabilidade dos penetrantes fluorescentes.<\/p>\n","protected":false},"excerpt":{"rendered":"<p>O painel WTP-1 \u00e9 um painel de a\u00e7o inoxid\u00e1vel, com 4&#215;6 polegadas e espessura 0,090\u201d, com duas faixas paralelas de m\u00e9dia rugosidade, separadas por uma faixa lisa de 1 polegada. Desenhado para avalia\u00e7\u00e3o da removabilidade dos penetrantes fluorescentes.<\/p>\n","protected":false},"featured_media":2323,"template":"","meta":{"_mi_skip_tracking":false},"product_cat":[29,25],"product_tag":[],"class_list":["post-2321","product","type-product","status-publish","has-post-thumbnail","hentry","product_cat-acessorios-usados-em-ensaios-por-liquidos-penetrantes","product_cat-liquidos-penetrantes"],"_links":{"self":[{"href":"https:\/\/end.pt\/pt\/wp-json\/wp\/v3\/product\/2321","targetHints":{"allow":["GET"]}}],"collection":[{"href":"https:\/\/end.pt\/pt\/wp-json\/wp\/v3\/product"}],"about":[{"href":"https:\/\/end.pt\/pt\/wp-json\/wp\/v2\/types\/product"}],"version-history":[{"count":1,"href":"https:\/\/end.pt\/pt\/wp-json\/wp\/v3\/product\/2321\/revisions"}],"predecessor-version":[{"id":5254,"href":"https:\/\/end.pt\/pt\/wp-json\/wp\/v3\/product\/2321\/revisions\/5254"}],"wp:featuredmedia":[{"embeddable":true,"href":"https:\/\/end.pt\/pt\/wp-json\/wp\/v2\/media\/2323"}],"wp:attachment":[{"href":"https:\/\/end.pt\/pt\/wp-json\/wp\/v2\/media?parent=2321"}],"wp:term":[{"taxonomy":"product_cat","embeddable":true,"href":"https:\/\/end.pt\/pt\/wp-json\/wp\/v2\/product_cat?post=2321"},{"taxonomy":"product_tag","embeddable":true,"href":"https:\/\/end.pt\/pt\/wp-json\/wp\/v2\/product_tag?post=2321"}],"curies":[{"name":"wp","href":"https:\/\/api.w.org\/{rel}","templated":true}]}}