{"id":2324,"date":"2018-06-25T23:03:40","date_gmt":"2018-06-25T23:03:40","guid":{"rendered":"https:\/\/end.pt\/pt\/?post_type=product&#038;p=2324"},"modified":"2021-05-02T21:46:49","modified_gmt":"2021-05-02T21:46:49","slug":"padrao-de-teste-wtp-2","status":"publish","type":"product","link":"https:\/\/end.pt\/pt\/product\/padrao-de-teste-wtp-2\/","title":{"rendered":"Padr\u00e3o de teste WTP-2"},"content":{"rendered":"<p>Duas placas id\u00eanticas produzidas da mesma pe\u00e7a (1.5 x 2 polegadas), para avalia\u00e7\u00e3o da removabilidade dos penetrantes fluorescentes.<\/p>\n","protected":false},"excerpt":{"rendered":"<p>Duas placas id\u00eanticas produzidas da mesma pe\u00e7a (1.5 x 2 polegadas), para avalia\u00e7\u00e3o da removabilidade dos penetrantes fluorescentes.<\/p>\n","protected":false},"featured_media":2322,"template":"","meta":{"_mi_skip_tracking":false},"product_cat":[29,25],"product_tag":[],"class_list":["post-2324","product","type-product","status-publish","has-post-thumbnail","hentry","product_cat-acessorios-usados-em-ensaios-por-liquidos-penetrantes","product_cat-liquidos-penetrantes"],"_links":{"self":[{"href":"https:\/\/end.pt\/pt\/wp-json\/wp\/v3\/product\/2324","targetHints":{"allow":["GET"]}}],"collection":[{"href":"https:\/\/end.pt\/pt\/wp-json\/wp\/v3\/product"}],"about":[{"href":"https:\/\/end.pt\/pt\/wp-json\/wp\/v2\/types\/product"}],"version-history":[{"count":1,"href":"https:\/\/end.pt\/pt\/wp-json\/wp\/v3\/product\/2324\/revisions"}],"predecessor-version":[{"id":5253,"href":"https:\/\/end.pt\/pt\/wp-json\/wp\/v3\/product\/2324\/revisions\/5253"}],"wp:featuredmedia":[{"embeddable":true,"href":"https:\/\/end.pt\/pt\/wp-json\/wp\/v2\/media\/2322"}],"wp:attachment":[{"href":"https:\/\/end.pt\/pt\/wp-json\/wp\/v2\/media?parent=2324"}],"wp:term":[{"taxonomy":"product_cat","embeddable":true,"href":"https:\/\/end.pt\/pt\/wp-json\/wp\/v2\/product_cat?post=2324"},{"taxonomy":"product_tag","embeddable":true,"href":"https:\/\/end.pt\/pt\/wp-json\/wp\/v2\/product_tag?post=2324"}],"curies":[{"name":"wp","href":"https:\/\/api.w.org\/{rel}","templated":true}]}}