{"id":233,"date":"2018-02-19T19:46:06","date_gmt":"2018-02-19T19:46:06","guid":{"rendered":"https:\/\/end.pt\/pt\/?post_type=product&#038;p=233"},"modified":"2021-05-02T22:43:38","modified_gmt":"2021-05-02T22:43:38","slug":"lupa-c-ampliacao-30x","status":"publish","type":"product","link":"https:\/\/end.pt\/pt\/product\/lupa-c-ampliacao-30x\/","title":{"rendered":"Lupa Com Amplia\u00e7\u00e3o 30x (Ref.1996)"},"content":{"rendered":"<ul>\n<li>Amplia\u00e7\u00e3o: 30x<\/li>\n<li>Foc\u00e1vel: N\u00e3o<\/li>\n<li>Campo de vis\u00e3o: 7 mm<\/li>\n<li>Abertura eficaz: 7 mm<\/li>\n<li>Tamanho: 37\u03a6 x 20 mm<\/li>\n<li>Peso: 10 gr.<\/li>\n<\/ul>\n","protected":false},"excerpt":{"rendered":"<p>Amplia\u00e7\u00e3o: 30x Foc\u00e1vel: N\u00e3o Campo de vis\u00e3o: 7 mm Abertura eficaz: 7 mm Tamanho: 37\u03a6 x 20 mm Peso: 10 gr.<\/p>\n","protected":false},"featured_media":2252,"template":"","meta":{"_mi_skip_tracking":false},"product_cat":[20,21],"product_tag":[],"class_list":["post-233","product","type-product","status-publish","has-post-thumbnail","hentry","product_cat-ensaios-visuais","product_cat-lupas-inspeccao"],"_links":{"self":[{"href":"https:\/\/end.pt\/pt\/wp-json\/wp\/v3\/product\/233","targetHints":{"allow":["GET"]}}],"collection":[{"href":"https:\/\/end.pt\/pt\/wp-json\/wp\/v3\/product"}],"about":[{"href":"https:\/\/end.pt\/pt\/wp-json\/wp\/v2\/types\/product"}],"version-history":[{"count":2,"href":"https:\/\/end.pt\/pt\/wp-json\/wp\/v3\/product\/233\/revisions"}],"predecessor-version":[{"id":5355,"href":"https:\/\/end.pt\/pt\/wp-json\/wp\/v3\/product\/233\/revisions\/5355"}],"wp:featuredmedia":[{"embeddable":true,"href":"https:\/\/end.pt\/pt\/wp-json\/wp\/v2\/media\/2252"}],"wp:attachment":[{"href":"https:\/\/end.pt\/pt\/wp-json\/wp\/v2\/media?parent=233"}],"wp:term":[{"taxonomy":"product_cat","embeddable":true,"href":"https:\/\/end.pt\/pt\/wp-json\/wp\/v2\/product_cat?post=233"},{"taxonomy":"product_tag","embeddable":true,"href":"https:\/\/end.pt\/pt\/wp-json\/wp\/v2\/product_tag?post=233"}],"curies":[{"name":"wp","href":"https:\/\/api.w.org\/{rel}","templated":true}]}}