{"id":2330,"date":"2018-06-29T20:49:14","date_gmt":"2018-06-29T20:49:14","guid":{"rendered":"https:\/\/end.pt\/pt\/?post_type=product&#038;p=2330"},"modified":"2021-05-02T21:46:30","modified_gmt":"2021-05-02T21:46:30","slug":"padrao-de-referencia-asme-v-2","status":"publish","type":"product","link":"https:\/\/end.pt\/pt\/product\/padrao-de-referencia-asme-v-2\/","title":{"rendered":"Padr\u00e3o de refer\u00eancia  ASME V"},"content":{"rendered":"<p>Placa de alum\u00ednio com defeitos artificiais produzidos por tratamento t\u00e9rmico. Utilizado para testes da indica\u00e7\u00e3o da sensibilidade dos penetrantes. A placa \u00e9 dividida em duas partes para compara\u00e7\u00e3o directa de dois penetrantes.<\/p>\n<p>O padr\u00e3o \u00e9 uma placa de alum\u00ednio (80 x 50 x 10 mm), dividido por um entalhe em dois.<\/p>\n","protected":false},"excerpt":{"rendered":"<p>Placa de alum\u00ednio com defeitos artificiais produzidos por tratamento t\u00e9rmico. Utilizado para testes da indica\u00e7\u00e3o da sensibilidade dos penetrantes. A placa \u00e9 dividida em duas partes para compara\u00e7\u00e3o directa de dois penetrantes. O padr\u00e3o \u00e9 uma placa de alum\u00ednio (80 x 50 x 10 mm), dividido por um entalhe em dois.<\/p>\n","protected":false},"featured_media":4104,"template":"","meta":{"_mi_skip_tracking":false},"product_cat":[29,25],"product_tag":[],"class_list":["post-2330","product","type-product","status-publish","has-post-thumbnail","hentry","product_cat-acessorios-usados-em-ensaios-por-liquidos-penetrantes","product_cat-liquidos-penetrantes"],"_links":{"self":[{"href":"https:\/\/end.pt\/pt\/wp-json\/wp\/v3\/product\/2330","targetHints":{"allow":["GET"]}}],"collection":[{"href":"https:\/\/end.pt\/pt\/wp-json\/wp\/v3\/product"}],"about":[{"href":"https:\/\/end.pt\/pt\/wp-json\/wp\/v2\/types\/product"}],"version-history":[{"count":3,"href":"https:\/\/end.pt\/pt\/wp-json\/wp\/v3\/product\/2330\/revisions"}],"predecessor-version":[{"id":5252,"href":"https:\/\/end.pt\/pt\/wp-json\/wp\/v3\/product\/2330\/revisions\/5252"}],"wp:featuredmedia":[{"embeddable":true,"href":"https:\/\/end.pt\/pt\/wp-json\/wp\/v2\/media\/4104"}],"wp:attachment":[{"href":"https:\/\/end.pt\/pt\/wp-json\/wp\/v2\/media?parent=2330"}],"wp:term":[{"taxonomy":"product_cat","embeddable":true,"href":"https:\/\/end.pt\/pt\/wp-json\/wp\/v2\/product_cat?post=2330"},{"taxonomy":"product_tag","embeddable":true,"href":"https:\/\/end.pt\/pt\/wp-json\/wp\/v2\/product_tag?post=2330"}],"curies":[{"name":"wp","href":"https:\/\/api.w.org\/{rel}","templated":true}]}}