{"id":2343,"date":"2018-06-29T21:33:21","date_gmt":"2018-06-29T21:33:21","guid":{"rendered":"https:\/\/end.pt\/pt\/?post_type=product&#038;p=2343"},"modified":"2021-05-02T21:45:37","modified_gmt":"2021-05-02T21:45:37","slug":"lanterna-led-de-luz-negra","status":"publish","type":"product","link":"https:\/\/end.pt\/pt\/product\/lanterna-led-de-luz-negra\/","title":{"rendered":"Lanterna LED de luz negra (Spectroline, modelo OLX-365 OPTI-LUX 365)"},"content":{"rendered":"<p style=\"text-align: center;\"><span style=\"color: #000080;\"><strong>Spectroline, modelo OLX-365 OPTI-LUX 365<\/strong><\/span><\/p>\n<p>L\u00e2mpada de inspec\u00e7\u00e3o UV-A econ\u00f3mica, super compacta desenhada especificamente para NDT. Possui uma fonte luminosa LED UV-A potente (365nm), num corpo leve e robusto.<br \/>\nDispon\u00edvel em 4 vers\u00f5es, alta intensidade, ou intensidade normal, cada uma com um filtro de luz negra interno.<\/p>\n","protected":false},"excerpt":{"rendered":"<p>Spectroline, modelo OLX-365 OPTI-LUX 365 L\u00e2mpada de inspec\u00e7\u00e3o UV-A econ\u00f3mica, super compacta desenhada especificamente para NDT. Possui uma fonte luminosa LED UV-A potente (365nm), num corpo leve e robusto. Dispon\u00edvel em 4 vers\u00f5es, alta intensidade, ou intensidade normal, cada uma com um filtro de luz negra interno.<\/p>\n","protected":false},"featured_media":2344,"template":"","meta":{"_mi_skip_tracking":false},"product_cat":[30,25,31,145],"product_tag":[],"class_list":["post-2343","product","type-product","status-publish","has-post-thumbnail","hentry","product_cat-acessorios-pm","product_cat-liquidos-penetrantes","product_cat-particulas-magneticas","product_cat-projectores-de-luz-negra-uv"],"_links":{"self":[{"href":"https:\/\/end.pt\/pt\/wp-json\/wp\/v3\/product\/2343","targetHints":{"allow":["GET"]}}],"collection":[{"href":"https:\/\/end.pt\/pt\/wp-json\/wp\/v3\/product"}],"about":[{"href":"https:\/\/end.pt\/pt\/wp-json\/wp\/v2\/types\/product"}],"version-history":[{"count":3,"href":"https:\/\/end.pt\/pt\/wp-json\/wp\/v3\/product\/2343\/revisions"}],"predecessor-version":[{"id":5250,"href":"https:\/\/end.pt\/pt\/wp-json\/wp\/v3\/product\/2343\/revisions\/5250"}],"wp:featuredmedia":[{"embeddable":true,"href":"https:\/\/end.pt\/pt\/wp-json\/wp\/v2\/media\/2344"}],"wp:attachment":[{"href":"https:\/\/end.pt\/pt\/wp-json\/wp\/v2\/media?parent=2343"}],"wp:term":[{"taxonomy":"product_cat","embeddable":true,"href":"https:\/\/end.pt\/pt\/wp-json\/wp\/v2\/product_cat?post=2343"},{"taxonomy":"product_tag","embeddable":true,"href":"https:\/\/end.pt\/pt\/wp-json\/wp\/v2\/product_tag?post=2343"}],"curies":[{"name":"wp","href":"https:\/\/api.w.org\/{rel}","templated":true}]}}