{"id":2345,"date":"2018-06-29T21:34:03","date_gmt":"2018-06-29T21:34:03","guid":{"rendered":"https:\/\/end.pt\/pt\/?post_type=product&#038;p=2345"},"modified":"2021-05-02T21:44:02","modified_gmt":"2021-05-02T21:44:02","slug":"lanterna-led-de-luz-negra-2","status":"publish","type":"product","link":"https:\/\/end.pt\/pt\/product\/lanterna-led-de-luz-negra-2\/","title":{"rendered":"Lanterna LED de luz negra (Spectroline, modelo OPX-365 OPTIMAX 365)"},"content":{"rendered":"<p style=\"text-align: center;\"><span style=\"color: #000080;\"><strong>Spectroline, modelo OPX-365 OPTIMAX 365<\/strong><\/span><\/p>\n<p>L\u00e2mpada de inspec\u00e7\u00e3o UV-A econ\u00f3mica, sem fios, e recarreg\u00e1vel.<br \/>\nPossui uma fonte luminosa LED UV-A potente (365nm), fornecido num conjunto completo com carregadores inteligentes AC e DC, \u00f3culos de protec\u00e7\u00e3o UV, protector de lanterna de borracha, bolsa de cintura, e mala de transporte.<\/p>\n","protected":false},"excerpt":{"rendered":"<p>Spectroline, modelo OPX-365 OPTIMAX 365 L\u00e2mpada de inspec\u00e7\u00e3o UV-A econ\u00f3mica, sem fios, e recarreg\u00e1vel. Possui uma fonte luminosa LED UV-A potente (365nm), fornecido num conjunto completo com carregadores inteligentes AC e DC, \u00f3culos de protec\u00e7\u00e3o UV, protector de lanterna de borracha, bolsa de cintura, e mala de transporte.<\/p>\n","protected":false},"featured_media":2346,"template":"","meta":{"_mi_skip_tracking":false},"product_cat":[30,25,31,145],"product_tag":[],"class_list":["post-2345","product","type-product","status-publish","has-post-thumbnail","hentry","product_cat-acessorios-pm","product_cat-liquidos-penetrantes","product_cat-particulas-magneticas","product_cat-projectores-de-luz-negra-uv"],"_links":{"self":[{"href":"https:\/\/end.pt\/pt\/wp-json\/wp\/v3\/product\/2345","targetHints":{"allow":["GET"]}}],"collection":[{"href":"https:\/\/end.pt\/pt\/wp-json\/wp\/v3\/product"}],"about":[{"href":"https:\/\/end.pt\/pt\/wp-json\/wp\/v2\/types\/product"}],"version-history":[{"count":3,"href":"https:\/\/end.pt\/pt\/wp-json\/wp\/v3\/product\/2345\/revisions"}],"predecessor-version":[{"id":5248,"href":"https:\/\/end.pt\/pt\/wp-json\/wp\/v3\/product\/2345\/revisions\/5248"}],"wp:featuredmedia":[{"embeddable":true,"href":"https:\/\/end.pt\/pt\/wp-json\/wp\/v2\/media\/2346"}],"wp:attachment":[{"href":"https:\/\/end.pt\/pt\/wp-json\/wp\/v2\/media?parent=2345"}],"wp:term":[{"taxonomy":"product_cat","embeddable":true,"href":"https:\/\/end.pt\/pt\/wp-json\/wp\/v2\/product_cat?post=2345"},{"taxonomy":"product_tag","embeddable":true,"href":"https:\/\/end.pt\/pt\/wp-json\/wp\/v2\/product_tag?post=2345"}],"curies":[{"name":"wp","href":"https:\/\/api.w.org\/{rel}","templated":true}]}}