{"id":2347,"date":"2018-06-29T21:43:44","date_gmt":"2018-06-29T21:43:44","guid":{"rendered":"https:\/\/end.pt\/pt\/?post_type=product&#038;p=2347"},"modified":"2021-05-02T21:41:12","modified_gmt":"2021-05-02T21:41:12","slug":"lupa-iluminada-de-luz-branca-e-luz-negra","status":"publish","type":"product","link":"https:\/\/end.pt\/pt\/product\/lupa-iluminada-de-luz-branca-e-luz-negra\/","title":{"rendered":"Lupa Iluminada de luz branca e luz negra"},"content":{"rendered":"<p style=\"text-align: center;\"><span style=\"color: #000080;\"><strong>Modelo WA405.<\/strong><\/span><\/p>\n<p>Lupa Iluminada com 4 l\u00e2mpadas (2 l\u00e2mpadas de luz branca e 2 l\u00e2mpadas de luz negra).<\/p>\n","protected":false},"excerpt":{"rendered":"<p>Modelo WA405. Lupa Iluminada com 4 l\u00e2mpadas (2 l\u00e2mpadas de luz branca e 2 l\u00e2mpadas de luz negra).<\/p>\n","protected":false},"featured_media":2348,"template":"","meta":{"_mi_skip_tracking":false},"product_cat":[30,25,31,145],"product_tag":[],"class_list":["post-2347","product","type-product","status-publish","has-post-thumbnail","hentry","product_cat-acessorios-pm","product_cat-liquidos-penetrantes","product_cat-particulas-magneticas","product_cat-projectores-de-luz-negra-uv"],"_links":{"self":[{"href":"https:\/\/end.pt\/pt\/wp-json\/wp\/v3\/product\/2347","targetHints":{"allow":["GET"]}}],"collection":[{"href":"https:\/\/end.pt\/pt\/wp-json\/wp\/v3\/product"}],"about":[{"href":"https:\/\/end.pt\/pt\/wp-json\/wp\/v2\/types\/product"}],"version-history":[{"count":2,"href":"https:\/\/end.pt\/pt\/wp-json\/wp\/v3\/product\/2347\/revisions"}],"predecessor-version":[{"id":5246,"href":"https:\/\/end.pt\/pt\/wp-json\/wp\/v3\/product\/2347\/revisions\/5246"}],"wp:featuredmedia":[{"embeddable":true,"href":"https:\/\/end.pt\/pt\/wp-json\/wp\/v2\/media\/2348"}],"wp:attachment":[{"href":"https:\/\/end.pt\/pt\/wp-json\/wp\/v2\/media?parent=2347"}],"wp:term":[{"taxonomy":"product_cat","embeddable":true,"href":"https:\/\/end.pt\/pt\/wp-json\/wp\/v2\/product_cat?post=2347"},{"taxonomy":"product_tag","embeddable":true,"href":"https:\/\/end.pt\/pt\/wp-json\/wp\/v2\/product_tag?post=2347"}],"curies":[{"name":"wp","href":"https:\/\/api.w.org\/{rel}","templated":true}]}}