{"id":2349,"date":"2018-06-29T21:48:12","date_gmt":"2018-06-29T21:48:12","guid":{"rendered":"https:\/\/end.pt\/pt\/?post_type=product&#038;p=2349"},"modified":"2021-05-02T21:40:34","modified_gmt":"2021-05-02T21:40:34","slug":"painel-de-luzes-negras-led","status":"publish","type":"product","link":"https:\/\/end.pt\/pt\/product\/painel-de-luzes-negras-led\/","title":{"rendered":"Painel de luzes negras LED"},"content":{"rendered":"<p style=\"text-align: center;\"><strong><span style=\"color: #000080;\">Spectroline, modelo PowerMAX 365.<\/span><\/strong><\/p>\n<p>Painel de 16 l\u00e2mpadas LED UV-A (365nm) desenhadas especialmente para aplica\u00e7\u00f5es NDT. Estas luzes vers\u00e1teis e estacion\u00e1rias podem ser montadas superiormente ou em linha.<br \/>\nDispon\u00edvel em 4 vers\u00f5es, alta intensidade, ou intensidade normal, cada uma com um filtro de luz negra interno.<\/p>\n","protected":false},"excerpt":{"rendered":"<p>Spectroline, modelo PowerMAX 365. Painel de 16 l\u00e2mpadas LED UV-A (365nm) desenhadas especialmente para aplica\u00e7\u00f5es NDT. Estas luzes vers\u00e1teis e estacion\u00e1rias podem ser montadas superiormente ou em linha. Dispon\u00edvel em 4 vers\u00f5es, alta intensidade, ou intensidade normal, cada uma com um filtro de luz negra interno.<\/p>\n","protected":false},"featured_media":2350,"template":"","meta":{"_mi_skip_tracking":false},"product_cat":[30,25,31,145],"product_tag":[],"class_list":["post-2349","product","type-product","status-publish","has-post-thumbnail","hentry","product_cat-acessorios-pm","product_cat-liquidos-penetrantes","product_cat-particulas-magneticas","product_cat-projectores-de-luz-negra-uv"],"_links":{"self":[{"href":"https:\/\/end.pt\/pt\/wp-json\/wp\/v3\/product\/2349","targetHints":{"allow":["GET"]}}],"collection":[{"href":"https:\/\/end.pt\/pt\/wp-json\/wp\/v3\/product"}],"about":[{"href":"https:\/\/end.pt\/pt\/wp-json\/wp\/v2\/types\/product"}],"version-history":[{"count":2,"href":"https:\/\/end.pt\/pt\/wp-json\/wp\/v3\/product\/2349\/revisions"}],"predecessor-version":[{"id":5245,"href":"https:\/\/end.pt\/pt\/wp-json\/wp\/v3\/product\/2349\/revisions\/5245"}],"wp:featuredmedia":[{"embeddable":true,"href":"https:\/\/end.pt\/pt\/wp-json\/wp\/v2\/media\/2350"}],"wp:attachment":[{"href":"https:\/\/end.pt\/pt\/wp-json\/wp\/v2\/media?parent=2349"}],"wp:term":[{"taxonomy":"product_cat","embeddable":true,"href":"https:\/\/end.pt\/pt\/wp-json\/wp\/v2\/product_cat?post=2349"},{"taxonomy":"product_tag","embeddable":true,"href":"https:\/\/end.pt\/pt\/wp-json\/wp\/v2\/product_tag?post=2349"}],"curies":[{"name":"wp","href":"https:\/\/api.w.org\/{rel}","templated":true}]}}