{"id":2355,"date":"2018-06-29T22:07:24","date_gmt":"2018-06-29T22:07:24","guid":{"rendered":"https:\/\/end.pt\/pt\/?post_type=product&#038;p=2355"},"modified":"2021-05-02T21:39:03","modified_gmt":"2021-05-02T21:39:03","slug":"oculos-de-proteccao-uv","status":"publish","type":"product","link":"https:\/\/end.pt\/pt\/product\/oculos-de-proteccao-uv\/","title":{"rendered":"\u00d3culos de protec\u00e7\u00e3o UV"},"content":{"rendered":"<p>\u00d3culos de protec\u00e7\u00e3o UV<\/p>\n<p>UVS-30 \u201cSafety UV Absorbing Spectacles\u201d<\/p>\n","protected":false},"excerpt":{"rendered":"<p>\u00d3culos de protec\u00e7\u00e3o UV UVS-30 \u201cSafety UV Absorbing Spectacles\u201d<\/p>\n","protected":false},"featured_media":2356,"template":"","meta":{"_mi_skip_tracking":false},"product_cat":[29,30,25,31],"product_tag":[],"class_list":["post-2355","product","type-product","status-publish","has-post-thumbnail","hentry","product_cat-acessorios-usados-em-ensaios-por-liquidos-penetrantes","product_cat-acessorios-pm","product_cat-liquidos-penetrantes","product_cat-particulas-magneticas"],"_links":{"self":[{"href":"https:\/\/end.pt\/pt\/wp-json\/wp\/v3\/product\/2355","targetHints":{"allow":["GET"]}}],"collection":[{"href":"https:\/\/end.pt\/pt\/wp-json\/wp\/v3\/product"}],"about":[{"href":"https:\/\/end.pt\/pt\/wp-json\/wp\/v2\/types\/product"}],"version-history":[{"count":1,"href":"https:\/\/end.pt\/pt\/wp-json\/wp\/v3\/product\/2355\/revisions"}],"predecessor-version":[{"id":5243,"href":"https:\/\/end.pt\/pt\/wp-json\/wp\/v3\/product\/2355\/revisions\/5243"}],"wp:featuredmedia":[{"embeddable":true,"href":"https:\/\/end.pt\/pt\/wp-json\/wp\/v2\/media\/2356"}],"wp:attachment":[{"href":"https:\/\/end.pt\/pt\/wp-json\/wp\/v2\/media?parent=2355"}],"wp:term":[{"taxonomy":"product_cat","embeddable":true,"href":"https:\/\/end.pt\/pt\/wp-json\/wp\/v2\/product_cat?post=2355"},{"taxonomy":"product_tag","embeddable":true,"href":"https:\/\/end.pt\/pt\/wp-json\/wp\/v2\/product_tag?post=2355"}],"curies":[{"name":"wp","href":"https:\/\/api.w.org\/{rel}","templated":true}]}}