{"id":2357,"date":"2018-06-29T22:13:34","date_gmt":"2018-06-29T22:13:34","guid":{"rendered":"https:\/\/end.pt\/pt\/?post_type=product&#038;p=2357"},"modified":"2021-05-02T21:38:05","modified_gmt":"2021-05-02T21:38:05","slug":"pistolas-de-pulverizacao-de-agua-para-liquidos-penetrantes","status":"publish","type":"product","link":"https:\/\/end.pt\/pt\/product\/pistolas-de-pulverizacao-de-agua-para-liquidos-penetrantes\/","title":{"rendered":"Pistolas de pulveriza\u00e7\u00e3o de \u00e1gua para l\u00edquidos penetrantes"},"content":{"rendered":"<p>Podem ser fornecidas com dois tipos diferentes de bocais\/reguladores de sa\u00edda<\/p>\n<ul>\n<li>Pulveriza\u00e7\u00e3o de jacto plano (Flat spray)<\/li>\n<li>Pulveriza\u00e7\u00e3o de jacto c\u00f3nico (Cone spray)<\/li>\n<\/ul>\n<p>Ou com sistemas de injec\u00e7\u00e3o de ar para maior velocidade de pulveriza\u00e7\u00e3o.<\/p>\n","protected":false},"excerpt":{"rendered":"<p>Podem ser fornecidas com dois tipos diferentes de bocais\/reguladores de sa\u00edda Pulveriza\u00e7\u00e3o de jacto plano (Flat spray) Pulveriza\u00e7\u00e3o de jacto c\u00f3nico (Cone spray) Ou com sistemas de injec\u00e7\u00e3o de ar para maior velocidade de pulveriza\u00e7\u00e3o.<\/p>\n","protected":false},"featured_media":2358,"template":"","meta":{"_mi_skip_tracking":false},"product_cat":[29,25],"product_tag":[],"class_list":["post-2357","product","type-product","status-publish","has-post-thumbnail","hentry","product_cat-acessorios-usados-em-ensaios-por-liquidos-penetrantes","product_cat-liquidos-penetrantes"],"_links":{"self":[{"href":"https:\/\/end.pt\/pt\/wp-json\/wp\/v3\/product\/2357","targetHints":{"allow":["GET"]}}],"collection":[{"href":"https:\/\/end.pt\/pt\/wp-json\/wp\/v3\/product"}],"about":[{"href":"https:\/\/end.pt\/pt\/wp-json\/wp\/v2\/types\/product"}],"version-history":[{"count":1,"href":"https:\/\/end.pt\/pt\/wp-json\/wp\/v3\/product\/2357\/revisions"}],"predecessor-version":[{"id":5242,"href":"https:\/\/end.pt\/pt\/wp-json\/wp\/v3\/product\/2357\/revisions\/5242"}],"wp:featuredmedia":[{"embeddable":true,"href":"https:\/\/end.pt\/pt\/wp-json\/wp\/v2\/media\/2358"}],"wp:attachment":[{"href":"https:\/\/end.pt\/pt\/wp-json\/wp\/v2\/media?parent=2357"}],"wp:term":[{"taxonomy":"product_cat","embeddable":true,"href":"https:\/\/end.pt\/pt\/wp-json\/wp\/v2\/product_cat?post=2357"},{"taxonomy":"product_tag","embeddable":true,"href":"https:\/\/end.pt\/pt\/wp-json\/wp\/v2\/product_tag?post=2357"}],"curies":[{"name":"wp","href":"https:\/\/api.w.org\/{rel}","templated":true}]}}