{"id":2359,"date":"2018-06-29T22:17:32","date_gmt":"2018-06-29T22:17:32","guid":{"rendered":"https:\/\/end.pt\/pt\/?post_type=product&#038;p=2359"},"modified":"2021-05-02T21:37:29","modified_gmt":"2021-05-02T21:37:29","slug":"compressor-duas-pistolas","status":"publish","type":"product","link":"https:\/\/end.pt\/pt\/product\/compressor-duas-pistolas\/","title":{"rendered":"Compressor duas pistolas Modelo 220V &#8211; 50Hz"},"content":{"rendered":"<p>Compressor duas pistolas para aplica\u00e7\u00e3o de l\u00edquidos penetrantes.<\/p>\n<p>Consumo de energia: 100VA<\/p>\n<p>Peso: 6.5 Kg<br \/>\nRef.\u00aa 102.10M<\/p>\n","protected":false},"excerpt":{"rendered":"<p>Compressor duas pistolas para aplica\u00e7\u00e3o de l\u00edquidos penetrantes. Consumo de energia: 100VA Peso: 6.5 Kg Ref.\u00aa 102.10M<\/p>\n","protected":false},"featured_media":2360,"template":"","meta":{"_mi_skip_tracking":false},"product_cat":[29,25],"product_tag":[],"class_list":["post-2359","product","type-product","status-publish","has-post-thumbnail","hentry","product_cat-acessorios-usados-em-ensaios-por-liquidos-penetrantes","product_cat-liquidos-penetrantes"],"_links":{"self":[{"href":"https:\/\/end.pt\/pt\/wp-json\/wp\/v3\/product\/2359","targetHints":{"allow":["GET"]}}],"collection":[{"href":"https:\/\/end.pt\/pt\/wp-json\/wp\/v3\/product"}],"about":[{"href":"https:\/\/end.pt\/pt\/wp-json\/wp\/v2\/types\/product"}],"version-history":[{"count":3,"href":"https:\/\/end.pt\/pt\/wp-json\/wp\/v3\/product\/2359\/revisions"}],"predecessor-version":[{"id":5241,"href":"https:\/\/end.pt\/pt\/wp-json\/wp\/v3\/product\/2359\/revisions\/5241"}],"wp:featuredmedia":[{"embeddable":true,"href":"https:\/\/end.pt\/pt\/wp-json\/wp\/v2\/media\/2360"}],"wp:attachment":[{"href":"https:\/\/end.pt\/pt\/wp-json\/wp\/v2\/media?parent=2359"}],"wp:term":[{"taxonomy":"product_cat","embeddable":true,"href":"https:\/\/end.pt\/pt\/wp-json\/wp\/v2\/product_cat?post=2359"},{"taxonomy":"product_tag","embeddable":true,"href":"https:\/\/end.pt\/pt\/wp-json\/wp\/v2\/product_tag?post=2359"}],"curies":[{"name":"wp","href":"https:\/\/api.w.org\/{rel}","templated":true}]}}