{"id":2361,"date":"2018-06-29T22:17:47","date_gmt":"2018-06-29T22:17:47","guid":{"rendered":"https:\/\/end.pt\/pt\/?post_type=product&#038;p=2361"},"modified":"2021-05-02T21:36:21","modified_gmt":"2021-05-02T21:36:21","slug":"compressor-duas-pistolas-2","status":"publish","type":"product","link":"https:\/\/end.pt\/pt\/product\/compressor-duas-pistolas-2\/","title":{"rendered":"Compressor duas pistolas Modelo 48V"},"content":{"rendered":"<p>Compressor duas pistolas para aplica\u00e7\u00e3o de l\u00edquidos penetrantes.<br \/>\nConsumo de energia: 100VA<br \/>\nPeso: 10 Kg<br \/>\nRef.\u00aa 102.10M<\/p>\n","protected":false},"excerpt":{"rendered":"<p>Compressor duas pistolas para aplica\u00e7\u00e3o de l\u00edquidos penetrantes. Consumo de energia: 100VA Peso: 10 Kg Ref.\u00aa 102.10M<\/p>\n","protected":false},"featured_media":2362,"template":"","meta":{"_mi_skip_tracking":false},"product_cat":[29,25],"product_tag":[],"class_list":["post-2361","product","type-product","status-publish","has-post-thumbnail","hentry","product_cat-acessorios-usados-em-ensaios-por-liquidos-penetrantes","product_cat-liquidos-penetrantes"],"_links":{"self":[{"href":"https:\/\/end.pt\/pt\/wp-json\/wp\/v3\/product\/2361","targetHints":{"allow":["GET"]}}],"collection":[{"href":"https:\/\/end.pt\/pt\/wp-json\/wp\/v3\/product"}],"about":[{"href":"https:\/\/end.pt\/pt\/wp-json\/wp\/v2\/types\/product"}],"version-history":[{"count":2,"href":"https:\/\/end.pt\/pt\/wp-json\/wp\/v3\/product\/2361\/revisions"}],"predecessor-version":[{"id":5239,"href":"https:\/\/end.pt\/pt\/wp-json\/wp\/v3\/product\/2361\/revisions\/5239"}],"wp:featuredmedia":[{"embeddable":true,"href":"https:\/\/end.pt\/pt\/wp-json\/wp\/v2\/media\/2362"}],"wp:attachment":[{"href":"https:\/\/end.pt\/pt\/wp-json\/wp\/v2\/media?parent=2361"}],"wp:term":[{"taxonomy":"product_cat","embeddable":true,"href":"https:\/\/end.pt\/pt\/wp-json\/wp\/v2\/product_cat?post=2361"},{"taxonomy":"product_tag","embeddable":true,"href":"https:\/\/end.pt\/pt\/wp-json\/wp\/v2\/product_tag?post=2361"}],"curies":[{"name":"wp","href":"https:\/\/api.w.org\/{rel}","templated":true}]}}