{"id":2365,"date":"2018-09-29T19:00:02","date_gmt":"2018-09-29T19:00:02","guid":{"rendered":"https:\/\/end.pt\/pt\/?post_type=product&#038;p=2365"},"modified":"2021-05-02T21:36:04","modified_gmt":"2021-05-02T21:36:04","slug":"padrao-bloco-de-referencia-teste-no-1","status":"publish","type":"product","link":"https:\/\/end.pt\/pt\/product\/padrao-bloco-de-referencia-teste-no-1\/","title":{"rendered":"Padr\u00e3o\/Bloco de refer\u00eancia\/teste N\u00ba 1"},"content":{"rendered":"<p><strong>N\u00ba 1 (EN ISO 9934-2)<\/strong><\/p>\n<p>Padr\u00e3o para verifica\u00e7\u00e3o da sensibilidade das indica\u00e7\u00f5es das suspens\u00f5es de p\u00f3s magn\u00e9ticos.<br \/>\nEste bloco consiste num disco com um furo central e dois tipos de falhas\/rachas naturais: rachas de moagem, e  falhas por corros\u00e3o. Di\u00e2metro 50mm, Altura 10mm, e largura das falhas 2 a 10 \u00b5m.<br \/>\nO bloco foi permanentemente magnetizado por um condutor central atrav\u00e9s do furo.<br \/>\nA avalia\u00e7\u00e3o das suspens\u00f5es de p\u00f3 magn\u00e9tico \u00e9 efectuada por compara\u00e7\u00e3o visual ou metrol\u00f3gica das indica\u00e7\u00f5es com a imagem\/foto de indica\u00e7\u00e3o de refer\u00eancia produzida dentro das mesmas condi\u00e7\u00f5es de teste.<\/p>\n","protected":false},"excerpt":{"rendered":"<p>N\u00ba 1 (EN ISO 9934-2) Padr\u00e3o para verifica\u00e7\u00e3o da sensibilidade das indica\u00e7\u00f5es das suspens\u00f5es de p\u00f3s magn\u00e9ticos. Este bloco consiste num disco com um furo central e dois tipos de falhas\/rachas naturais: rachas de moagem, e falhas por corros\u00e3o. Di\u00e2metro 50mm, Altura 10mm, e largura das falhas 2 a 10 \u00b5m. O bloco foi permanentemente [&hellip;]<\/p>\n","protected":false},"featured_media":2367,"template":"","meta":{"_mi_skip_tracking":false},"product_cat":[30,31],"product_tag":[],"class_list":["post-2365","product","type-product","status-publish","has-post-thumbnail","hentry","product_cat-acessorios-pm","product_cat-particulas-magneticas"],"_links":{"self":[{"href":"https:\/\/end.pt\/pt\/wp-json\/wp\/v3\/product\/2365","targetHints":{"allow":["GET"]}}],"collection":[{"href":"https:\/\/end.pt\/pt\/wp-json\/wp\/v3\/product"}],"about":[{"href":"https:\/\/end.pt\/pt\/wp-json\/wp\/v2\/types\/product"}],"version-history":[{"count":2,"href":"https:\/\/end.pt\/pt\/wp-json\/wp\/v3\/product\/2365\/revisions"}],"predecessor-version":[{"id":5238,"href":"https:\/\/end.pt\/pt\/wp-json\/wp\/v3\/product\/2365\/revisions\/5238"}],"wp:featuredmedia":[{"embeddable":true,"href":"https:\/\/end.pt\/pt\/wp-json\/wp\/v2\/media\/2367"}],"wp:attachment":[{"href":"https:\/\/end.pt\/pt\/wp-json\/wp\/v2\/media?parent=2365"}],"wp:term":[{"taxonomy":"product_cat","embeddable":true,"href":"https:\/\/end.pt\/pt\/wp-json\/wp\/v2\/product_cat?post=2365"},{"taxonomy":"product_tag","embeddable":true,"href":"https:\/\/end.pt\/pt\/wp-json\/wp\/v2\/product_tag?post=2365"}],"curies":[{"name":"wp","href":"https:\/\/api.w.org\/{rel}","templated":true}]}}