{"id":2369,"date":"2018-09-29T19:04:53","date_gmt":"2018-09-29T19:04:53","guid":{"rendered":"https:\/\/end.pt\/pt\/?post_type=product&#038;p=2369"},"modified":"2021-05-02T21:35:47","modified_gmt":"2021-05-02T21:35:47","slug":"padrao-bloco-de-referencia-teste-no-2","status":"publish","type":"product","link":"https:\/\/end.pt\/pt\/product\/padrao-bloco-de-referencia-teste-no-2\/","title":{"rendered":"Padr\u00e3o\/Bloco de refer\u00eancia\/teste N\u00ba 2"},"content":{"rendered":"<p><strong>N\u00ba 2 (EN ISO 9934-2)<\/strong><\/p>\n<p>Padr\u00e3o para controle e verifica\u00e7\u00e3o da sensibilidade das indica\u00e7\u00f5es das suspens\u00f5es de p\u00f3s magn\u00e9ticos.<br \/>\nEste bloco consiste em dois blocos de a\u00e7o precisamente engranhados um ao outro, e que est\u00e3o separados por uma folha de alum\u00ednio (espessura de 12 \u00b5m). For\u00e7a do campo tangencial perpendicular \u00e0 falha artificial na marca +4\/-4 : +100 \/ -100 A\/m. Dimens\u00f5es: 155 x 40 x 12 mm<br \/>\nNos lados frontais \u00e9 fixado um \u00edmane permanente que produz um vazamento de fluxo magn\u00e9tico que diminui com o aumento da dist\u00e2ncia.<br \/>\nAo pulverizar o bloco com p\u00f3 magn\u00e9tico, s\u00e3o produzidas indica\u00e7\u00f5es de suspens\u00e3o mais fortes nas pontas e diminuem ao centro. O comprimento das indica\u00e7\u00f5es \u00e9 uma medida da validade da suspens\u00e3o de p\u00f3 magn\u00e9tico em ensaio.<\/p>\n","protected":false},"excerpt":{"rendered":"<p>N\u00ba 2 (EN ISO 9934-2) Padr\u00e3o para controle e verifica\u00e7\u00e3o da sensibilidade das indica\u00e7\u00f5es das suspens\u00f5es de p\u00f3s magn\u00e9ticos. Este bloco consiste em dois blocos de a\u00e7o precisamente engranhados um ao outro, e que est\u00e3o separados por uma folha de alum\u00ednio (espessura de 12 \u00b5m). For\u00e7a do campo tangencial perpendicular \u00e0 falha artificial na marca [&hellip;]<\/p>\n","protected":false},"featured_media":2370,"template":"","meta":{"_mi_skip_tracking":false},"product_cat":[30,31],"product_tag":[],"class_list":["post-2369","product","type-product","status-publish","has-post-thumbnail","hentry","product_cat-acessorios-pm","product_cat-particulas-magneticas"],"_links":{"self":[{"href":"https:\/\/end.pt\/pt\/wp-json\/wp\/v3\/product\/2369","targetHints":{"allow":["GET"]}}],"collection":[{"href":"https:\/\/end.pt\/pt\/wp-json\/wp\/v3\/product"}],"about":[{"href":"https:\/\/end.pt\/pt\/wp-json\/wp\/v2\/types\/product"}],"version-history":[{"count":1,"href":"https:\/\/end.pt\/pt\/wp-json\/wp\/v3\/product\/2369\/revisions"}],"predecessor-version":[{"id":5237,"href":"https:\/\/end.pt\/pt\/wp-json\/wp\/v3\/product\/2369\/revisions\/5237"}],"wp:featuredmedia":[{"embeddable":true,"href":"https:\/\/end.pt\/pt\/wp-json\/wp\/v2\/media\/2370"}],"wp:attachment":[{"href":"https:\/\/end.pt\/pt\/wp-json\/wp\/v2\/media?parent=2369"}],"wp:term":[{"taxonomy":"product_cat","embeddable":true,"href":"https:\/\/end.pt\/pt\/wp-json\/wp\/v2\/product_cat?post=2369"},{"taxonomy":"product_tag","embeddable":true,"href":"https:\/\/end.pt\/pt\/wp-json\/wp\/v2\/product_tag?post=2369"}],"curies":[{"name":"wp","href":"https:\/\/api.w.org\/{rel}","templated":true}]}}