{"id":2371,"date":"2018-09-29T19:12:21","date_gmt":"2018-09-29T19:12:21","guid":{"rendered":"https:\/\/end.pt\/pt\/?post_type=product&#038;p=2371"},"modified":"2021-05-02T21:35:20","modified_gmt":"2021-05-02T21:35:20","slug":"penetrametro-berthold","status":"publish","type":"product","link":"https:\/\/end.pt\/pt\/product\/penetrametro-berthold\/","title":{"rendered":"Penetrametro Berthold"},"content":{"rendered":"<p>Indicador simples para determinar a direc\u00e7\u00e3o e intensidade do campo magn\u00e9tico.<br \/>\nUm cilindro de ferro suave separado em quatro sectores por um intervalo de aprox. 0,15mm de largura (visto de cima aparenta uma cruz).<\/p>\n","protected":false},"excerpt":{"rendered":"<p>Indicador simples para determinar a direc\u00e7\u00e3o e intensidade do campo magn\u00e9tico. Um cilindro de ferro suave separado em quatro sectores por um intervalo de aprox. 0,15mm de largura (visto de cima aparenta uma cruz).<\/p>\n","protected":false},"featured_media":2375,"template":"","meta":{"_mi_skip_tracking":false},"product_cat":[30,31],"product_tag":[],"class_list":["post-2371","product","type-product","status-publish","has-post-thumbnail","hentry","product_cat-acessorios-pm","product_cat-particulas-magneticas"],"_links":{"self":[{"href":"https:\/\/end.pt\/pt\/wp-json\/wp\/v3\/product\/2371","targetHints":{"allow":["GET"]}}],"collection":[{"href":"https:\/\/end.pt\/pt\/wp-json\/wp\/v3\/product"}],"about":[{"href":"https:\/\/end.pt\/pt\/wp-json\/wp\/v2\/types\/product"}],"version-history":[{"count":1,"href":"https:\/\/end.pt\/pt\/wp-json\/wp\/v3\/product\/2371\/revisions"}],"predecessor-version":[{"id":5236,"href":"https:\/\/end.pt\/pt\/wp-json\/wp\/v3\/product\/2371\/revisions\/5236"}],"wp:featuredmedia":[{"embeddable":true,"href":"https:\/\/end.pt\/pt\/wp-json\/wp\/v2\/media\/2375"}],"wp:attachment":[{"href":"https:\/\/end.pt\/pt\/wp-json\/wp\/v2\/media?parent=2371"}],"wp:term":[{"taxonomy":"product_cat","embeddable":true,"href":"https:\/\/end.pt\/pt\/wp-json\/wp\/v2\/product_cat?post=2371"},{"taxonomy":"product_tag","embeddable":true,"href":"https:\/\/end.pt\/pt\/wp-json\/wp\/v2\/product_tag?post=2371"}],"curies":[{"name":"wp","href":"https:\/\/api.w.org\/{rel}","templated":true}]}}