{"id":2372,"date":"2018-09-29T19:14:12","date_gmt":"2018-09-29T19:14:12","guid":{"rendered":"https:\/\/end.pt\/pt\/?post_type=product&#038;p=2372"},"modified":"2021-05-02T21:34:42","modified_gmt":"2021-05-02T21:34:42","slug":"indicador-da-direccao-das-linhas-de-forca-do-campo-magnetico","status":"publish","type":"product","link":"https:\/\/end.pt\/pt\/product\/indicador-da-direccao-das-linhas-de-forca-do-campo-magnetico\/","title":{"rendered":"Indicador da direc\u00e7\u00e3o das linhas de for\u00e7a do campo magn\u00e9tico"},"content":{"rendered":"<p><strong>Modelo MG-50<\/strong><\/p>\n<p>Padr\u00e3o para determina\u00e7\u00e3o da direc\u00e7\u00e3o das linhas de for\u00e7a do campo magn\u00e9tico.<br \/>\nFornecido com estojo e certificado de calibra\u00e7\u00e3o.<\/p>\n","protected":false},"excerpt":{"rendered":"<p>Modelo MG-50 Padr\u00e3o para determina\u00e7\u00e3o da direc\u00e7\u00e3o das linhas de for\u00e7a do campo magn\u00e9tico. Fornecido com estojo e certificado de calibra\u00e7\u00e3o.<\/p>\n","protected":false},"featured_media":2373,"template":"","meta":{"_mi_skip_tracking":false},"product_cat":[30,31],"product_tag":[],"class_list":["post-2372","product","type-product","status-publish","has-post-thumbnail","hentry","product_cat-acessorios-pm","product_cat-particulas-magneticas"],"_links":{"self":[{"href":"https:\/\/end.pt\/pt\/wp-json\/wp\/v3\/product\/2372","targetHints":{"allow":["GET"]}}],"collection":[{"href":"https:\/\/end.pt\/pt\/wp-json\/wp\/v3\/product"}],"about":[{"href":"https:\/\/end.pt\/pt\/wp-json\/wp\/v2\/types\/product"}],"version-history":[{"count":1,"href":"https:\/\/end.pt\/pt\/wp-json\/wp\/v3\/product\/2372\/revisions"}],"predecessor-version":[{"id":5235,"href":"https:\/\/end.pt\/pt\/wp-json\/wp\/v3\/product\/2372\/revisions\/5235"}],"wp:featuredmedia":[{"embeddable":true,"href":"https:\/\/end.pt\/pt\/wp-json\/wp\/v2\/media\/2373"}],"wp:attachment":[{"href":"https:\/\/end.pt\/pt\/wp-json\/wp\/v2\/media?parent=2372"}],"wp:term":[{"taxonomy":"product_cat","embeddable":true,"href":"https:\/\/end.pt\/pt\/wp-json\/wp\/v2\/product_cat?post=2372"},{"taxonomy":"product_tag","embeddable":true,"href":"https:\/\/end.pt\/pt\/wp-json\/wp\/v2\/product_tag?post=2372"}],"curies":[{"name":"wp","href":"https:\/\/api.w.org\/{rel}","templated":true}]}}