{"id":2376,"date":"2018-09-29T19:17:15","date_gmt":"2018-09-29T19:17:15","guid":{"rendered":"https:\/\/end.pt\/pt\/?post_type=product&#038;p=2376"},"modified":"2021-05-02T21:34:24","modified_gmt":"2021-05-02T21:34:24","slug":"padrao-de-profundidade-do-campo-magnetico","status":"publish","type":"product","link":"https:\/\/end.pt\/pt\/product\/padrao-de-profundidade-do-campo-magnetico\/","title":{"rendered":"Padr\u00e3o de profundidade do campo magn\u00e9tico"},"content":{"rendered":"<p><strong>Modelo Cigiemme<\/strong><\/p>\n<p>Padr\u00e3o de profundidade para determina\u00e7\u00e3o da profundidade a que a magnetiza\u00e7\u00e3o est\u00e1 a detectar defeitos abaixo da superf\u00edcie.<\/p>\n","protected":false},"excerpt":{"rendered":"<p>Modelo Cigiemme Padr\u00e3o de profundidade para determina\u00e7\u00e3o da profundidade a que a magnetiza\u00e7\u00e3o est\u00e1 a detectar defeitos abaixo da superf\u00edcie.<\/p>\n","protected":false},"featured_media":2377,"template":"","meta":{"_mi_skip_tracking":false},"product_cat":[30,31],"product_tag":[],"class_list":["post-2376","product","type-product","status-publish","has-post-thumbnail","hentry","product_cat-acessorios-pm","product_cat-particulas-magneticas"],"_links":{"self":[{"href":"https:\/\/end.pt\/pt\/wp-json\/wp\/v3\/product\/2376","targetHints":{"allow":["GET"]}}],"collection":[{"href":"https:\/\/end.pt\/pt\/wp-json\/wp\/v3\/product"}],"about":[{"href":"https:\/\/end.pt\/pt\/wp-json\/wp\/v2\/types\/product"}],"version-history":[{"count":1,"href":"https:\/\/end.pt\/pt\/wp-json\/wp\/v3\/product\/2376\/revisions"}],"predecessor-version":[{"id":5234,"href":"https:\/\/end.pt\/pt\/wp-json\/wp\/v3\/product\/2376\/revisions\/5234"}],"wp:featuredmedia":[{"embeddable":true,"href":"https:\/\/end.pt\/pt\/wp-json\/wp\/v2\/media\/2377"}],"wp:attachment":[{"href":"https:\/\/end.pt\/pt\/wp-json\/wp\/v2\/media?parent=2376"}],"wp:term":[{"taxonomy":"product_cat","embeddable":true,"href":"https:\/\/end.pt\/pt\/wp-json\/wp\/v2\/product_cat?post=2376"},{"taxonomy":"product_tag","embeddable":true,"href":"https:\/\/end.pt\/pt\/wp-json\/wp\/v2\/product_tag?post=2376"}],"curies":[{"name":"wp","href":"https:\/\/api.w.org\/{rel}","templated":true}]}}