{"id":2378,"date":"2018-09-29T19:19:59","date_gmt":"2018-09-29T19:19:59","guid":{"rendered":"https:\/\/end.pt\/pt\/?post_type=product&#038;p=2378"},"modified":"2021-05-02T21:34:05","modified_gmt":"2021-05-02T21:34:05","slug":"padrao-de-profundidade-circular-do-campo-magnetico","status":"publish","type":"product","link":"https:\/\/end.pt\/pt\/product\/padrao-de-profundidade-circular-do-campo-magnetico\/","title":{"rendered":"Padr\u00e3o de profundidade circular do campo magn\u00e9tico"},"content":{"rendered":"<p><strong>Modelo \u201cKetos Ring\u201d<\/strong><\/p>\n<p>Padr\u00e3o para indica\u00e7\u00e3o da sensibilidade e desempenho de sistemas de ensaio (secos, h\u00famidos, fluorescentes e n\u00e3o fluorescentes), durante a aplica\u00e7\u00e3o de um condutor central.<br \/>\nDe acordo com ASTM E 1444.<\/p>\n","protected":false},"excerpt":{"rendered":"<p>Modelo \u201cKetos Ring\u201d Padr\u00e3o para indica\u00e7\u00e3o da sensibilidade e desempenho de sistemas de ensaio (secos, h\u00famidos, fluorescentes e n\u00e3o fluorescentes), durante a aplica\u00e7\u00e3o de um condutor central. De acordo com ASTM E 1444.<\/p>\n","protected":false},"featured_media":2379,"template":"","meta":{"_mi_skip_tracking":false},"product_cat":[30,31],"product_tag":[],"class_list":["post-2378","product","type-product","status-publish","has-post-thumbnail","hentry","product_cat-acessorios-pm","product_cat-particulas-magneticas"],"_links":{"self":[{"href":"https:\/\/end.pt\/pt\/wp-json\/wp\/v3\/product\/2378","targetHints":{"allow":["GET"]}}],"collection":[{"href":"https:\/\/end.pt\/pt\/wp-json\/wp\/v3\/product"}],"about":[{"href":"https:\/\/end.pt\/pt\/wp-json\/wp\/v2\/types\/product"}],"version-history":[{"count":1,"href":"https:\/\/end.pt\/pt\/wp-json\/wp\/v3\/product\/2378\/revisions"}],"predecessor-version":[{"id":5233,"href":"https:\/\/end.pt\/pt\/wp-json\/wp\/v3\/product\/2378\/revisions\/5233"}],"wp:featuredmedia":[{"embeddable":true,"href":"https:\/\/end.pt\/pt\/wp-json\/wp\/v2\/media\/2379"}],"wp:attachment":[{"href":"https:\/\/end.pt\/pt\/wp-json\/wp\/v2\/media?parent=2378"}],"wp:term":[{"taxonomy":"product_cat","embeddable":true,"href":"https:\/\/end.pt\/pt\/wp-json\/wp\/v2\/product_cat?post=2378"},{"taxonomy":"product_tag","embeddable":true,"href":"https:\/\/end.pt\/pt\/wp-json\/wp\/v2\/product_tag?post=2378"}],"curies":[{"name":"wp","href":"https:\/\/api.w.org\/{rel}","templated":true}]}}