{"id":2380,"date":"2018-09-29T19:23:10","date_gmt":"2018-09-29T19:23:10","guid":{"rendered":"https:\/\/end.pt\/pt\/?post_type=product&#038;p=2380"},"modified":"2021-05-02T21:33:49","modified_gmt":"2021-05-02T21:33:49","slug":"fitas-indicadoras-do-fluxo-do-campo-magnetico-tipo-i-e-ii","status":"publish","type":"product","link":"https:\/\/end.pt\/pt\/product\/fitas-indicadoras-do-fluxo-do-campo-magnetico-tipo-i-e-ii\/","title":{"rendered":"Fitas indicadoras do fluxo do campo magn\u00e9tico Tipo I e II"},"content":{"rendered":"<p><strong>Modelo MG-01 e MG-02 \u201cTiras Castrol\u201d<\/strong><\/p>\n<p>Fitas indicadoras do fluxo do campo magn\u00e9tico Tipo I (geral) e Tipo II (avia\u00e7\u00e3o).<br \/>\nFitas finas e flex\u00edveis para indicar a presen\u00e7a de campos magn\u00e9ticos induzidos. Ambas consistem em tr\u00eas lamina\u00e7\u00f5es de 50 x 12 mm fixadas para formar uma estrutura em \u201csandu\u00edche\u201d, com espessura normal de 0.15mm.<\/p>\n","protected":false},"excerpt":{"rendered":"<p>Modelo MG-01 e MG-02 \u201cTiras Castrol\u201d Fitas indicadoras do fluxo do campo magn\u00e9tico Tipo I (geral) e Tipo II (avia\u00e7\u00e3o). Fitas finas e flex\u00edveis para indicar a presen\u00e7a de campos magn\u00e9ticos induzidos. Ambas consistem em tr\u00eas lamina\u00e7\u00f5es de 50 x 12 mm fixadas para formar uma estrutura em \u201csandu\u00edche\u201d, com espessura normal de 0.15mm.<\/p>\n","protected":false},"featured_media":2382,"template":"","meta":{"_mi_skip_tracking":false},"product_cat":[30,31],"product_tag":[],"class_list":["post-2380","product","type-product","status-publish","has-post-thumbnail","hentry","product_cat-acessorios-pm","product_cat-particulas-magneticas"],"_links":{"self":[{"href":"https:\/\/end.pt\/pt\/wp-json\/wp\/v3\/product\/2380","targetHints":{"allow":["GET"]}}],"collection":[{"href":"https:\/\/end.pt\/pt\/wp-json\/wp\/v3\/product"}],"about":[{"href":"https:\/\/end.pt\/pt\/wp-json\/wp\/v2\/types\/product"}],"version-history":[{"count":1,"href":"https:\/\/end.pt\/pt\/wp-json\/wp\/v3\/product\/2380\/revisions"}],"predecessor-version":[{"id":5232,"href":"https:\/\/end.pt\/pt\/wp-json\/wp\/v3\/product\/2380\/revisions\/5232"}],"wp:featuredmedia":[{"embeddable":true,"href":"https:\/\/end.pt\/pt\/wp-json\/wp\/v2\/media\/2382"}],"wp:attachment":[{"href":"https:\/\/end.pt\/pt\/wp-json\/wp\/v2\/media?parent=2380"}],"wp:term":[{"taxonomy":"product_cat","embeddable":true,"href":"https:\/\/end.pt\/pt\/wp-json\/wp\/v2\/product_cat?post=2380"},{"taxonomy":"product_tag","embeddable":true,"href":"https:\/\/end.pt\/pt\/wp-json\/wp\/v2\/product_tag?post=2380"}],"curies":[{"name":"wp","href":"https:\/\/api.w.org\/{rel}","templated":true}]}}