{"id":2383,"date":"2018-09-29T19:28:22","date_gmt":"2018-09-29T19:28:22","guid":{"rendered":"https:\/\/end.pt\/pt\/?post_type=product&#038;p=2383"},"modified":"2021-05-02T21:33:15","modified_gmt":"2021-05-02T21:33:15","slug":"barra-de-teste-magnetica-p-levantamento-de-pesos","status":"publish","type":"product","link":"https:\/\/end.pt\/pt\/product\/barra-de-teste-magnetica-p-levantamento-de-pesos\/","title":{"rendered":"Barra de Teste Magn\u00e9tica p\/ levantamento de pesos"},"content":{"rendered":"<p><strong>Modelo TB-10, para levantamento de pesos<\/strong><\/p>\n<p>Barra de teste para verifica\u00e7\u00e3o e calibra\u00e7\u00e3o da for\u00e7a de levantamento de Yokes AC, DC e \u00edmanes permanentes de inspec\u00e7\u00e3o por part\u00edculas magn\u00e9ticas.<br \/>\nO peso de cada barra \u00e9 carimbado em cada uma e est\u00e1 em conformidade com NIST.<br \/>\nDisponivel individualmente e em conjuntos de 4 e 5 barras.<\/p>\n","protected":false},"excerpt":{"rendered":"<p>Modelo TB-10, para levantamento de pesos Barra de teste para verifica\u00e7\u00e3o e calibra\u00e7\u00e3o da for\u00e7a de levantamento de Yokes AC, DC e \u00edmanes permanentes de inspec\u00e7\u00e3o por part\u00edculas magn\u00e9ticas. O peso de cada barra \u00e9 carimbado em cada uma e est\u00e1 em conformidade com NIST. Disponivel individualmente e em conjuntos de 4 e 5 barras.<\/p>\n","protected":false},"featured_media":2385,"template":"","meta":{"_mi_skip_tracking":false},"product_cat":[30,31],"product_tag":[],"class_list":["post-2383","product","type-product","status-publish","has-post-thumbnail","hentry","product_cat-acessorios-pm","product_cat-particulas-magneticas"],"_links":{"self":[{"href":"https:\/\/end.pt\/pt\/wp-json\/wp\/v3\/product\/2383","targetHints":{"allow":["GET"]}}],"collection":[{"href":"https:\/\/end.pt\/pt\/wp-json\/wp\/v3\/product"}],"about":[{"href":"https:\/\/end.pt\/pt\/wp-json\/wp\/v2\/types\/product"}],"version-history":[{"count":2,"href":"https:\/\/end.pt\/pt\/wp-json\/wp\/v3\/product\/2383\/revisions"}],"predecessor-version":[{"id":5231,"href":"https:\/\/end.pt\/pt\/wp-json\/wp\/v3\/product\/2383\/revisions\/5231"}],"wp:featuredmedia":[{"embeddable":true,"href":"https:\/\/end.pt\/pt\/wp-json\/wp\/v2\/media\/2385"}],"wp:attachment":[{"href":"https:\/\/end.pt\/pt\/wp-json\/wp\/v2\/media?parent=2383"}],"wp:term":[{"taxonomy":"product_cat","embeddable":true,"href":"https:\/\/end.pt\/pt\/wp-json\/wp\/v2\/product_cat?post=2383"},{"taxonomy":"product_tag","embeddable":true,"href":"https:\/\/end.pt\/pt\/wp-json\/wp\/v2\/product_tag?post=2383"}],"curies":[{"name":"wp","href":"https:\/\/api.w.org\/{rel}","templated":true}]}}