{"id":2388,"date":"2018-09-29T19:36:42","date_gmt":"2018-09-29T19:36:42","guid":{"rendered":"https:\/\/end.pt\/pt\/?post_type=product&#038;p=2388"},"modified":"2021-05-02T21:32:15","modified_gmt":"2021-05-02T21:32:15","slug":"barra-de-teste-magnetica-com-defeitos-artificiais","status":"publish","type":"product","link":"https:\/\/end.pt\/pt\/product\/barra-de-teste-magnetica-com-defeitos-artificiais\/","title":{"rendered":"Barra de Teste Magn\u00e9tica com defeitos artificiais"},"content":{"rendered":"<p><strong>Modelo NA-16 com defeitos artificiais<\/strong><\/p>\n<p>A barra de defeitos NA-16 com a capacidade de detectar os mais pequenos defeitos rejeit\u00e1veis \u00e0 superf\u00edcie, artificiais ou naturais, num esp\u00e9cime em teste.<br \/>\nEm conformidade com os requisitos de MIL-STD-271E e F (barcos), par\u00e1grafo 4.3.1.2, e NAVSEA-TB-T9074-AS-GIB-010\/271.<\/p>\n","protected":false},"excerpt":{"rendered":"<p>Modelo NA-16 com defeitos artificiais A barra de defeitos NA-16 com a capacidade de detectar os mais pequenos defeitos rejeit\u00e1veis \u00e0 superf\u00edcie, artificiais ou naturais, num esp\u00e9cime em teste. Em conformidade com os requisitos de MIL-STD-271E e F (barcos), par\u00e1grafo 4.3.1.2, e NAVSEA-TB-T9074-AS-GIB-010\/271.<\/p>\n","protected":false},"featured_media":2389,"template":"","meta":{"_mi_skip_tracking":false},"product_cat":[30,31],"product_tag":[],"class_list":["post-2388","product","type-product","status-publish","has-post-thumbnail","hentry","product_cat-acessorios-pm","product_cat-particulas-magneticas"],"_links":{"self":[{"href":"https:\/\/end.pt\/pt\/wp-json\/wp\/v3\/product\/2388","targetHints":{"allow":["GET"]}}],"collection":[{"href":"https:\/\/end.pt\/pt\/wp-json\/wp\/v3\/product"}],"about":[{"href":"https:\/\/end.pt\/pt\/wp-json\/wp\/v2\/types\/product"}],"version-history":[{"count":1,"href":"https:\/\/end.pt\/pt\/wp-json\/wp\/v3\/product\/2388\/revisions"}],"predecessor-version":[{"id":5228,"href":"https:\/\/end.pt\/pt\/wp-json\/wp\/v3\/product\/2388\/revisions\/5228"}],"wp:featuredmedia":[{"embeddable":true,"href":"https:\/\/end.pt\/pt\/wp-json\/wp\/v2\/media\/2389"}],"wp:attachment":[{"href":"https:\/\/end.pt\/pt\/wp-json\/wp\/v2\/media?parent=2388"}],"wp:term":[{"taxonomy":"product_cat","embeddable":true,"href":"https:\/\/end.pt\/pt\/wp-json\/wp\/v2\/product_cat?post=2388"},{"taxonomy":"product_tag","embeddable":true,"href":"https:\/\/end.pt\/pt\/wp-json\/wp\/v2\/product_tag?post=2388"}],"curies":[{"name":"wp","href":"https:\/\/api.w.org\/{rel}","templated":true}]}}