{"id":2390,"date":"2018-09-29T19:39:27","date_gmt":"2018-09-29T19:39:27","guid":{"rendered":"https:\/\/end.pt\/pt\/?post_type=product&#038;p=2390"},"modified":"2021-05-02T21:31:57","modified_gmt":"2021-05-02T21:31:57","slug":"bobinas-de-magnetizacao-portateis","status":"publish","type":"product","link":"https:\/\/end.pt\/pt\/product\/bobinas-de-magnetizacao-portateis\/","title":{"rendered":"Bobinas de Magnetiza\u00e7\u00e3o port\u00e1teis"},"content":{"rendered":"<p><strong>Modelos PL-8 e PL-10<\/strong><\/p>\n<p>Bobinas de magnetiza\u00e7\u00e3o port\u00e1teis, desenhadas para inspec\u00e7\u00e3o por part\u00edculas magn\u00e9ticas de pe\u00e7as de metais ferrosos. As bobinas permitem a utiliza\u00e7\u00e3o de consum\u00edveis l\u00edquidos ou em p\u00f3, e podem tamb\u00e9m ser utilizadas para efeitos de desmagnetiza\u00e7\u00e3o.<br \/>\nEquipadas com um bot\u00e3o manual, ou atrav\u00e9s de um pedal, e s\u00e3o fornecidas com uma mala de transporte.<\/p>\n","protected":false},"excerpt":{"rendered":"<p>Modelos PL-8 e PL-10 Bobinas de magnetiza\u00e7\u00e3o port\u00e1teis, desenhadas para inspec\u00e7\u00e3o por part\u00edculas magn\u00e9ticas de pe\u00e7as de metais ferrosos. As bobinas permitem a utiliza\u00e7\u00e3o de consum\u00edveis l\u00edquidos ou em p\u00f3, e podem tamb\u00e9m ser utilizadas para efeitos de desmagnetiza\u00e7\u00e3o. Equipadas com um bot\u00e3o manual, ou atrav\u00e9s de um pedal, e s\u00e3o fornecidas com uma mala [&hellip;]<\/p>\n","protected":false},"featured_media":2391,"template":"","meta":{"_mi_skip_tracking":false},"product_cat":[30,31],"product_tag":[],"class_list":["post-2390","product","type-product","status-publish","has-post-thumbnail","hentry","product_cat-acessorios-pm","product_cat-particulas-magneticas"],"_links":{"self":[{"href":"https:\/\/end.pt\/pt\/wp-json\/wp\/v3\/product\/2390","targetHints":{"allow":["GET"]}}],"collection":[{"href":"https:\/\/end.pt\/pt\/wp-json\/wp\/v3\/product"}],"about":[{"href":"https:\/\/end.pt\/pt\/wp-json\/wp\/v2\/types\/product"}],"version-history":[{"count":2,"href":"https:\/\/end.pt\/pt\/wp-json\/wp\/v3\/product\/2390\/revisions"}],"predecessor-version":[{"id":5227,"href":"https:\/\/end.pt\/pt\/wp-json\/wp\/v3\/product\/2390\/revisions\/5227"}],"wp:featuredmedia":[{"embeddable":true,"href":"https:\/\/end.pt\/pt\/wp-json\/wp\/v2\/media\/2391"}],"wp:attachment":[{"href":"https:\/\/end.pt\/pt\/wp-json\/wp\/v2\/media?parent=2390"}],"wp:term":[{"taxonomy":"product_cat","embeddable":true,"href":"https:\/\/end.pt\/pt\/wp-json\/wp\/v2\/product_cat?post=2390"},{"taxonomy":"product_tag","embeddable":true,"href":"https:\/\/end.pt\/pt\/wp-json\/wp\/v2\/product_tag?post=2390"}],"curies":[{"name":"wp","href":"https:\/\/api.w.org\/{rel}","templated":true}]}}