{"id":2392,"date":"2018-09-29T19:43:21","date_gmt":"2018-09-29T19:43:21","guid":{"rendered":"https:\/\/end.pt\/pt\/?post_type=product&#038;p=2392"},"modified":"2021-05-02T21:31:38","modified_gmt":"2021-05-02T21:31:38","slug":"proveta-em-vidro-para-sedimentacao-das-particulas","status":"publish","type":"product","link":"https:\/\/end.pt\/pt\/product\/proveta-em-vidro-para-sedimentacao-das-particulas\/","title":{"rendered":"Proveta em vidro para sedimenta\u00e7\u00e3o das part\u00edculas"},"content":{"rendered":"<p><strong>Modelo Cigiemme<\/strong><\/p>\n<p>Proveta em vidro para sedimenta\u00e7\u00e3o das part\u00edculas, para monitorizar a concentra\u00e7\u00e3o das part\u00edculas magn\u00e9ticas nos banhos de l\u00edquido magn\u00e9tico.<br \/>\nO tubo de vidro tem 100 ml de capacidade e os incrementos de 0,1 ml, conforme as normas ASME\/ASTM. O tubo indicado possui um posicionador.<\/p>\n","protected":false},"excerpt":{"rendered":"<p>Modelo Cigiemme Proveta em vidro para sedimenta\u00e7\u00e3o das part\u00edculas, para monitorizar a concentra\u00e7\u00e3o das part\u00edculas magn\u00e9ticas nos banhos de l\u00edquido magn\u00e9tico. O tubo de vidro tem 100 ml de capacidade e os incrementos de 0,1 ml, conforme as normas ASME\/ASTM. O tubo indicado possui um posicionador.<\/p>\n","protected":false},"featured_media":2393,"template":"","meta":{"_mi_skip_tracking":false},"product_cat":[30,31],"product_tag":[],"class_list":["post-2392","product","type-product","status-publish","has-post-thumbnail","hentry","product_cat-acessorios-pm","product_cat-particulas-magneticas"],"_links":{"self":[{"href":"https:\/\/end.pt\/pt\/wp-json\/wp\/v3\/product\/2392","targetHints":{"allow":["GET"]}}],"collection":[{"href":"https:\/\/end.pt\/pt\/wp-json\/wp\/v3\/product"}],"about":[{"href":"https:\/\/end.pt\/pt\/wp-json\/wp\/v2\/types\/product"}],"version-history":[{"count":1,"href":"https:\/\/end.pt\/pt\/wp-json\/wp\/v3\/product\/2392\/revisions"}],"predecessor-version":[{"id":5225,"href":"https:\/\/end.pt\/pt\/wp-json\/wp\/v3\/product\/2392\/revisions\/5225"}],"wp:featuredmedia":[{"embeddable":true,"href":"https:\/\/end.pt\/pt\/wp-json\/wp\/v2\/media\/2393"}],"wp:attachment":[{"href":"https:\/\/end.pt\/pt\/wp-json\/wp\/v2\/media?parent=2392"}],"wp:term":[{"taxonomy":"product_cat","embeddable":true,"href":"https:\/\/end.pt\/pt\/wp-json\/wp\/v2\/product_cat?post=2392"},{"taxonomy":"product_tag","embeddable":true,"href":"https:\/\/end.pt\/pt\/wp-json\/wp\/v2\/product_tag?post=2392"}],"curies":[{"name":"wp","href":"https:\/\/api.w.org\/{rel}","templated":true}]}}