{"id":2394,"date":"2018-09-29T19:45:04","date_gmt":"2018-09-29T19:45:04","guid":{"rendered":"https:\/\/end.pt\/pt\/?post_type=product&#038;p=2394"},"modified":"2021-05-02T21:31:20","modified_gmt":"2021-05-02T21:31:20","slug":"tubo-de-centrifugacao-e-suporte","status":"publish","type":"product","link":"https:\/\/end.pt\/pt\/product\/tubo-de-centrifugacao-e-suporte\/","title":{"rendered":"Tubo de Centrifuga\u00e7\u00e3o e Suporte"},"content":{"rendered":"<p><strong>Modelo MG-10<\/strong><\/p>\n<p>Tubo de Centrifuga\u00e7\u00e3o com bancada, 100 ml ASTM<br \/>\nTamb\u00e9m vendidos em separado.<\/p>\n","protected":false},"excerpt":{"rendered":"<p>Modelo MG-10 Tubo de Centrifuga\u00e7\u00e3o com bancada, 100 ml ASTM Tamb\u00e9m vendidos em separado.<\/p>\n","protected":false},"featured_media":2395,"template":"","meta":{"_mi_skip_tracking":false},"product_cat":[30,31],"product_tag":[],"class_list":["post-2394","product","type-product","status-publish","has-post-thumbnail","hentry","product_cat-acessorios-pm","product_cat-particulas-magneticas"],"_links":{"self":[{"href":"https:\/\/end.pt\/pt\/wp-json\/wp\/v3\/product\/2394","targetHints":{"allow":["GET"]}}],"collection":[{"href":"https:\/\/end.pt\/pt\/wp-json\/wp\/v3\/product"}],"about":[{"href":"https:\/\/end.pt\/pt\/wp-json\/wp\/v2\/types\/product"}],"version-history":[{"count":1,"href":"https:\/\/end.pt\/pt\/wp-json\/wp\/v3\/product\/2394\/revisions"}],"predecessor-version":[{"id":5224,"href":"https:\/\/end.pt\/pt\/wp-json\/wp\/v3\/product\/2394\/revisions\/5224"}],"wp:featuredmedia":[{"embeddable":true,"href":"https:\/\/end.pt\/pt\/wp-json\/wp\/v2\/media\/2395"}],"wp:attachment":[{"href":"https:\/\/end.pt\/pt\/wp-json\/wp\/v2\/media?parent=2394"}],"wp:term":[{"taxonomy":"product_cat","embeddable":true,"href":"https:\/\/end.pt\/pt\/wp-json\/wp\/v2\/product_cat?post=2394"},{"taxonomy":"product_tag","embeddable":true,"href":"https:\/\/end.pt\/pt\/wp-json\/wp\/v2\/product_tag?post=2394"}],"curies":[{"name":"wp","href":"https:\/\/api.w.org\/{rel}","templated":true}]}}