{"id":2398,"date":"2018-09-29T19:48:44","date_gmt":"2018-09-29T19:48:44","guid":{"rendered":"https:\/\/end.pt\/pt\/?post_type=product&#038;p=2398"},"modified":"2021-05-02T21:29:13","modified_gmt":"2021-05-02T21:29:13","slug":"pulverizadores-de-liquidos-magneticos-modelo-93","status":"publish","type":"product","link":"https:\/\/end.pt\/pt\/product\/pulverizadores-de-liquidos-magneticos-modelo-93\/","title":{"rendered":"Pulverizadores de l\u00edquidos magn\u00e9ticos (Modelo 93)"},"content":{"rendered":"<p>Pulverizador pl\u00e1stico manual para pulveriza\u00e7\u00e3o de p\u00f3s magn\u00e9ticos, bem como de outros produtos em estado \u201cp\u00f3\u201d.<br \/>\nCapacidade de 1,25 litros<\/p>\n","protected":false},"excerpt":{"rendered":"<p>Pulverizador pl\u00e1stico manual para pulveriza\u00e7\u00e3o de p\u00f3s magn\u00e9ticos, bem como de outros produtos em estado \u201cp\u00f3\u201d. Capacidade de 1,25 litros<\/p>\n","protected":false},"featured_media":2399,"template":"","meta":{"_mi_skip_tracking":false},"product_cat":[30,31],"product_tag":[],"class_list":["post-2398","product","type-product","status-publish","has-post-thumbnail","hentry","product_cat-acessorios-pm","product_cat-particulas-magneticas"],"_links":{"self":[{"href":"https:\/\/end.pt\/pt\/wp-json\/wp\/v3\/product\/2398","targetHints":{"allow":["GET"]}}],"collection":[{"href":"https:\/\/end.pt\/pt\/wp-json\/wp\/v3\/product"}],"about":[{"href":"https:\/\/end.pt\/pt\/wp-json\/wp\/v2\/types\/product"}],"version-history":[{"count":1,"href":"https:\/\/end.pt\/pt\/wp-json\/wp\/v3\/product\/2398\/revisions"}],"predecessor-version":[{"id":5222,"href":"https:\/\/end.pt\/pt\/wp-json\/wp\/v3\/product\/2398\/revisions\/5222"}],"wp:featuredmedia":[{"embeddable":true,"href":"https:\/\/end.pt\/pt\/wp-json\/wp\/v2\/media\/2399"}],"wp:attachment":[{"href":"https:\/\/end.pt\/pt\/wp-json\/wp\/v2\/media?parent=2398"}],"wp:term":[{"taxonomy":"product_cat","embeddable":true,"href":"https:\/\/end.pt\/pt\/wp-json\/wp\/v2\/product_cat?post=2398"},{"taxonomy":"product_tag","embeddable":true,"href":"https:\/\/end.pt\/pt\/wp-json\/wp\/v2\/product_tag?post=2398"}],"curies":[{"name":"wp","href":"https:\/\/api.w.org\/{rel}","templated":true}]}}