{"id":2402,"date":"2018-09-29T19:53:28","date_gmt":"2018-09-29T19:53:28","guid":{"rendered":"https:\/\/end.pt\/pt\/?post_type=product&#038;p=2402"},"modified":"2021-05-02T21:28:21","modified_gmt":"2021-05-02T21:28:21","slug":"pulverizadores-de-pos-magneticos-modelo-pb-1-controlled","status":"publish","type":"product","link":"https:\/\/end.pt\/pt\/product\/pulverizadores-de-pos-magneticos-modelo-pb-1-controlled\/","title":{"rendered":"Pulverizadores de p\u00f3s magn\u00e9ticos (Modelo PB-1 Controlled)"},"content":{"rendered":"<p>Para uma aplica\u00e7\u00e3o controlada econ\u00f3mica e fi\u00e1vel de p\u00f3 magn\u00e9tico em \u00e1reas previamente inacess\u00edveis; horizontal, vertical e superior.<\/p>\n","protected":false},"excerpt":{"rendered":"<p>Para uma aplica\u00e7\u00e3o controlada econ\u00f3mica e fi\u00e1vel de p\u00f3 magn\u00e9tico em \u00e1reas previamente inacess\u00edveis; horizontal, vertical e superior.<\/p>\n","protected":false},"featured_media":2404,"template":"","meta":{"_mi_skip_tracking":false},"product_cat":[30,31],"product_tag":[],"class_list":["post-2402","product","type-product","status-publish","has-post-thumbnail","hentry","product_cat-acessorios-pm","product_cat-particulas-magneticas"],"_links":{"self":[{"href":"https:\/\/end.pt\/pt\/wp-json\/wp\/v3\/product\/2402","targetHints":{"allow":["GET"]}}],"collection":[{"href":"https:\/\/end.pt\/pt\/wp-json\/wp\/v3\/product"}],"about":[{"href":"https:\/\/end.pt\/pt\/wp-json\/wp\/v2\/types\/product"}],"version-history":[{"count":1,"href":"https:\/\/end.pt\/pt\/wp-json\/wp\/v3\/product\/2402\/revisions"}],"predecessor-version":[{"id":5220,"href":"https:\/\/end.pt\/pt\/wp-json\/wp\/v3\/product\/2402\/revisions\/5220"}],"wp:featuredmedia":[{"embeddable":true,"href":"https:\/\/end.pt\/pt\/wp-json\/wp\/v2\/media\/2404"}],"wp:attachment":[{"href":"https:\/\/end.pt\/pt\/wp-json\/wp\/v2\/media?parent=2402"}],"wp:term":[{"taxonomy":"product_cat","embeddable":true,"href":"https:\/\/end.pt\/pt\/wp-json\/wp\/v2\/product_cat?post=2402"},{"taxonomy":"product_tag","embeddable":true,"href":"https:\/\/end.pt\/pt\/wp-json\/wp\/v2\/product_tag?post=2402"}],"curies":[{"name":"wp","href":"https:\/\/api.w.org\/{rel}","templated":true}]}}