{"id":2405,"date":"2018-09-29T19:55:32","date_gmt":"2018-09-29T19:55:32","guid":{"rendered":"https:\/\/end.pt\/pt\/?post_type=product&#038;p=2405"},"modified":"2021-05-02T21:27:58","modified_gmt":"2021-05-02T21:27:58","slug":"pulverizadores-de-pos-magneticos-modelo-rb-4-rubber-powder-applicator","status":"publish","type":"product","link":"https:\/\/end.pt\/pt\/product\/pulverizadores-de-pos-magneticos-modelo-rb-4-rubber-powder-applicator\/","title":{"rendered":"Pulverizadores de p\u00f3s magn\u00e9ticos (Modelo RB-4 Rubber Powder Applicator)"},"content":{"rendered":"<p>Pulverizador de borracha manual para pulveriza\u00e7\u00e3o de p\u00f3s magn\u00e9ticos, bem como de outros produtos em estado \u201cp\u00f3\u201d.<\/p>\n","protected":false},"excerpt":{"rendered":"<p>Pulverizador de borracha manual para pulveriza\u00e7\u00e3o de p\u00f3s magn\u00e9ticos, bem como de outros produtos em estado \u201cp\u00f3\u201d.<\/p>\n","protected":false},"featured_media":2406,"template":"","meta":{"_mi_skip_tracking":false},"product_cat":[30,31],"product_tag":[],"class_list":["post-2405","product","type-product","status-publish","has-post-thumbnail","hentry","product_cat-acessorios-pm","product_cat-particulas-magneticas"],"_links":{"self":[{"href":"https:\/\/end.pt\/pt\/wp-json\/wp\/v3\/product\/2405","targetHints":{"allow":["GET"]}}],"collection":[{"href":"https:\/\/end.pt\/pt\/wp-json\/wp\/v3\/product"}],"about":[{"href":"https:\/\/end.pt\/pt\/wp-json\/wp\/v2\/types\/product"}],"version-history":[{"count":1,"href":"https:\/\/end.pt\/pt\/wp-json\/wp\/v3\/product\/2405\/revisions"}],"predecessor-version":[{"id":5219,"href":"https:\/\/end.pt\/pt\/wp-json\/wp\/v3\/product\/2405\/revisions\/5219"}],"wp:featuredmedia":[{"embeddable":true,"href":"https:\/\/end.pt\/pt\/wp-json\/wp\/v2\/media\/2406"}],"wp:attachment":[{"href":"https:\/\/end.pt\/pt\/wp-json\/wp\/v2\/media?parent=2405"}],"wp:term":[{"taxonomy":"product_cat","embeddable":true,"href":"https:\/\/end.pt\/pt\/wp-json\/wp\/v2\/product_cat?post=2405"},{"taxonomy":"product_tag","embeddable":true,"href":"https:\/\/end.pt\/pt\/wp-json\/wp\/v2\/product_tag?post=2405"}],"curies":[{"name":"wp","href":"https:\/\/api.w.org\/{rel}","templated":true}]}}