{"id":2407,"date":"2018-09-29T19:57:31","date_gmt":"2018-09-29T19:57:31","guid":{"rendered":"https:\/\/end.pt\/pt\/?post_type=product&#038;p=2407"},"modified":"2021-05-02T21:27:36","modified_gmt":"2021-05-02T21:27:36","slug":"pulverizadores-de-pos-magneticos-modelo-rb-1-excess-powder-removal-bulb","status":"publish","type":"product","link":"https:\/\/end.pt\/pt\/product\/pulverizadores-de-pos-magneticos-modelo-rb-1-excess-powder-removal-bulb\/","title":{"rendered":"Pulverizadores de p\u00f3s magn\u00e9ticos (Modelo RB-1 Excess Powder Removal Bulb)"},"content":{"rendered":"<p>Pulverizador de borracha manual para remo\u00e7\u00e3o de p\u00f3s magn\u00e9ticos em excesso, bem como de outros produtos em estado \u201cp\u00f3\u201d.<\/p>\n","protected":false},"excerpt":{"rendered":"<p>Pulverizador de borracha manual para remo\u00e7\u00e3o de p\u00f3s magn\u00e9ticos em excesso, bem como de outros produtos em estado \u201cp\u00f3\u201d.<\/p>\n","protected":false},"featured_media":2408,"template":"","meta":{"_mi_skip_tracking":false},"product_cat":[30,31],"product_tag":[],"class_list":["post-2407","product","type-product","status-publish","has-post-thumbnail","hentry","product_cat-acessorios-pm","product_cat-particulas-magneticas"],"_links":{"self":[{"href":"https:\/\/end.pt\/pt\/wp-json\/wp\/v3\/product\/2407","targetHints":{"allow":["GET"]}}],"collection":[{"href":"https:\/\/end.pt\/pt\/wp-json\/wp\/v3\/product"}],"about":[{"href":"https:\/\/end.pt\/pt\/wp-json\/wp\/v2\/types\/product"}],"version-history":[{"count":1,"href":"https:\/\/end.pt\/pt\/wp-json\/wp\/v3\/product\/2407\/revisions"}],"predecessor-version":[{"id":5218,"href":"https:\/\/end.pt\/pt\/wp-json\/wp\/v3\/product\/2407\/revisions\/5218"}],"wp:featuredmedia":[{"embeddable":true,"href":"https:\/\/end.pt\/pt\/wp-json\/wp\/v2\/media\/2408"}],"wp:attachment":[{"href":"https:\/\/end.pt\/pt\/wp-json\/wp\/v2\/media?parent=2407"}],"wp:term":[{"taxonomy":"product_cat","embeddable":true,"href":"https:\/\/end.pt\/pt\/wp-json\/wp\/v2\/product_cat?post=2407"},{"taxonomy":"product_tag","embeddable":true,"href":"https:\/\/end.pt\/pt\/wp-json\/wp\/v2\/product_tag?post=2407"}],"curies":[{"name":"wp","href":"https:\/\/api.w.org\/{rel}","templated":true}]}}