{"id":2409,"date":"2018-09-29T20:00:12","date_gmt":"2018-09-29T20:00:12","guid":{"rendered":"https:\/\/end.pt\/pt\/?post_type=product&#038;p=2409"},"modified":"2021-05-02T21:27:13","modified_gmt":"2021-05-02T21:27:13","slug":"medidor-de-campo-magnetico-modelo-mp-2000","status":"publish","type":"product","link":"https:\/\/end.pt\/pt\/product\/medidor-de-campo-magnetico-modelo-mp-2000\/","title":{"rendered":"Medidor de Campo Magn\u00e9tico (Modelo MP-2000)"},"content":{"rendered":"<p>O medidor de campo magn\u00e9tico MP-2000 \u00e9 um equipamento avan\u00e7ado muito \u00fatil, desenhado para medi\u00e7\u00f5es precisas on-site de todos os tipos de campos magn\u00e9ticos (campos constantes e alternados, bem como campos pulsantes).<br \/>\nPode ser utilizado com v\u00e1rias sondas tangenciais, axiais ou Reed.<br \/>\nCont\u00e9m um menu em v\u00e1rias l\u00ednguas, armazenamento de medi\u00e7\u00f5es em mem\u00f3ria (10.000), interfaces wireless integrados RS232 e USB para documenta\u00e7\u00e3o dos resultados num PC ou impressora.<\/p>\n","protected":false},"excerpt":{"rendered":"<p>O medidor de campo magn\u00e9tico MP-2000 \u00e9 um equipamento avan\u00e7ado muito \u00fatil, desenhado para medi\u00e7\u00f5es precisas on-site de todos os tipos de campos magn\u00e9ticos (campos constantes e alternados, bem como campos pulsantes). Pode ser utilizado com v\u00e1rias sondas tangenciais, axiais ou Reed. Cont\u00e9m um menu em v\u00e1rias l\u00ednguas, armazenamento de medi\u00e7\u00f5es em mem\u00f3ria (10.000), interfaces [&hellip;]<\/p>\n","protected":false},"featured_media":2410,"template":"","meta":{"_mi_skip_tracking":false},"product_cat":[30,31],"product_tag":[],"class_list":["post-2409","product","type-product","status-publish","has-post-thumbnail","hentry","product_cat-acessorios-pm","product_cat-particulas-magneticas"],"_links":{"self":[{"href":"https:\/\/end.pt\/pt\/wp-json\/wp\/v3\/product\/2409","targetHints":{"allow":["GET"]}}],"collection":[{"href":"https:\/\/end.pt\/pt\/wp-json\/wp\/v3\/product"}],"about":[{"href":"https:\/\/end.pt\/pt\/wp-json\/wp\/v2\/types\/product"}],"version-history":[{"count":1,"href":"https:\/\/end.pt\/pt\/wp-json\/wp\/v3\/product\/2409\/revisions"}],"predecessor-version":[{"id":5217,"href":"https:\/\/end.pt\/pt\/wp-json\/wp\/v3\/product\/2409\/revisions\/5217"}],"wp:featuredmedia":[{"embeddable":true,"href":"https:\/\/end.pt\/pt\/wp-json\/wp\/v2\/media\/2410"}],"wp:attachment":[{"href":"https:\/\/end.pt\/pt\/wp-json\/wp\/v2\/media?parent=2409"}],"wp:term":[{"taxonomy":"product_cat","embeddable":true,"href":"https:\/\/end.pt\/pt\/wp-json\/wp\/v2\/product_cat?post=2409"},{"taxonomy":"product_tag","embeddable":true,"href":"https:\/\/end.pt\/pt\/wp-json\/wp\/v2\/product_tag?post=2409"}],"curies":[{"name":"wp","href":"https:\/\/api.w.org\/{rel}","templated":true}]}}