{"id":2417,"date":"2018-09-29T20:18:17","date_gmt":"2018-09-29T20:18:17","guid":{"rendered":"https:\/\/end.pt\/pt\/?post_type=product&#038;p=2417"},"modified":"2021-05-02T21:25:11","modified_gmt":"2021-05-02T21:25:11","slug":"medidor-de-magnetismo-residual-modelo-m5","status":"publish","type":"product","link":"https:\/\/end.pt\/pt\/product\/medidor-de-magnetismo-residual-modelo-m5\/","title":{"rendered":"Medidor de Magnetismo Residual (Modelo M5)"},"content":{"rendered":"<p>Simples equipamento de m\u00e3o, para determina\u00e7\u00e3o do magnetismo residual em pe\u00e7as de a\u00e7o ferromagn\u00e9tico.<\/p>\n","protected":false},"excerpt":{"rendered":"<p>Simples equipamento de m\u00e3o, para determina\u00e7\u00e3o do magnetismo residual em pe\u00e7as de a\u00e7o ferromagn\u00e9tico.<\/p>\n","protected":false},"featured_media":2418,"template":"","meta":{"_mi_skip_tracking":false},"product_cat":[30,31],"product_tag":[],"class_list":["post-2417","product","type-product","status-publish","has-post-thumbnail","hentry","product_cat-acessorios-pm","product_cat-particulas-magneticas"],"_links":{"self":[{"href":"https:\/\/end.pt\/pt\/wp-json\/wp\/v3\/product\/2417","targetHints":{"allow":["GET"]}}],"collection":[{"href":"https:\/\/end.pt\/pt\/wp-json\/wp\/v3\/product"}],"about":[{"href":"https:\/\/end.pt\/pt\/wp-json\/wp\/v2\/types\/product"}],"version-history":[{"count":1,"href":"https:\/\/end.pt\/pt\/wp-json\/wp\/v3\/product\/2417\/revisions"}],"predecessor-version":[{"id":5212,"href":"https:\/\/end.pt\/pt\/wp-json\/wp\/v3\/product\/2417\/revisions\/5212"}],"wp:featuredmedia":[{"embeddable":true,"href":"https:\/\/end.pt\/pt\/wp-json\/wp\/v2\/media\/2418"}],"wp:attachment":[{"href":"https:\/\/end.pt\/pt\/wp-json\/wp\/v2\/media?parent=2417"}],"wp:term":[{"taxonomy":"product_cat","embeddable":true,"href":"https:\/\/end.pt\/pt\/wp-json\/wp\/v2\/product_cat?post=2417"},{"taxonomy":"product_tag","embeddable":true,"href":"https:\/\/end.pt\/pt\/wp-json\/wp\/v2\/product_tag?post=2417"}],"curies":[{"name":"wp","href":"https:\/\/api.w.org\/{rel}","templated":true}]}}