{"id":2419,"date":"2018-09-29T20:20:29","date_gmt":"2018-09-29T20:20:29","guid":{"rendered":"https:\/\/end.pt\/pt\/?post_type=product&#038;p=2419"},"modified":"2021-05-02T21:24:40","modified_gmt":"2021-05-02T21:24:40","slug":"medidor-de-permeabilidade-magnetica","status":"publish","type":"product","link":"https:\/\/end.pt\/pt\/product\/medidor-de-permeabilidade-magnetica\/","title":{"rendered":"Medidor de Permeabilidade Magn\u00e9tica"},"content":{"rendered":"<p><strong>Modelo FERROMASTER<\/strong><\/p>\n<p>Equipamento port\u00e1til simples de f\u00e1cil utiliza\u00e7\u00e3o, para medi\u00e7\u00e3o da Permeabilidade Magn\u00e9tica Relativa \u03bcr, de materiais e pe\u00e7as com fraco magnetismo, com permeabilidade entre 1.001 e 1.999.<\/p>\n","protected":false},"excerpt":{"rendered":"<p>Modelo FERROMASTER Equipamento port\u00e1til simples de f\u00e1cil utiliza\u00e7\u00e3o, para medi\u00e7\u00e3o da Permeabilidade Magn\u00e9tica Relativa \u03bcr, de materiais e pe\u00e7as com fraco magnetismo, com permeabilidade entre 1.001 e 1.999.<\/p>\n","protected":false},"featured_media":2420,"template":"","meta":{"_mi_skip_tracking":false},"product_cat":[30,31],"product_tag":[],"class_list":["post-2419","product","type-product","status-publish","has-post-thumbnail","hentry","product_cat-acessorios-pm","product_cat-particulas-magneticas"],"_links":{"self":[{"href":"https:\/\/end.pt\/pt\/wp-json\/wp\/v3\/product\/2419","targetHints":{"allow":["GET"]}}],"collection":[{"href":"https:\/\/end.pt\/pt\/wp-json\/wp\/v3\/product"}],"about":[{"href":"https:\/\/end.pt\/pt\/wp-json\/wp\/v2\/types\/product"}],"version-history":[{"count":1,"href":"https:\/\/end.pt\/pt\/wp-json\/wp\/v3\/product\/2419\/revisions"}],"predecessor-version":[{"id":5211,"href":"https:\/\/end.pt\/pt\/wp-json\/wp\/v3\/product\/2419\/revisions\/5211"}],"wp:featuredmedia":[{"embeddable":true,"href":"https:\/\/end.pt\/pt\/wp-json\/wp\/v2\/media\/2420"}],"wp:attachment":[{"href":"https:\/\/end.pt\/pt\/wp-json\/wp\/v2\/media?parent=2419"}],"wp:term":[{"taxonomy":"product_cat","embeddable":true,"href":"https:\/\/end.pt\/pt\/wp-json\/wp\/v2\/product_cat?post=2419"},{"taxonomy":"product_tag","embeddable":true,"href":"https:\/\/end.pt\/pt\/wp-json\/wp\/v2\/product_tag?post=2419"}],"curies":[{"name":"wp","href":"https:\/\/api.w.org\/{rel}","templated":true}]}}