{"id":242,"date":"2018-02-19T22:07:47","date_gmt":"2018-02-19T22:07:47","guid":{"rendered":"https:\/\/end.pt\/pt\/?post_type=product&#038;p=242"},"modified":"2021-05-02T22:42:44","modified_gmt":"2021-05-02T22:42:44","slug":"escantilhao-c-ajuste-ref-a-cat3","status":"publish","type":"product","link":"https:\/\/end.pt\/pt\/product\/escantilhao-c-ajuste-ref-a-cat3\/","title":{"rendered":"Escantilh\u00e3o c\/ Ajuste (REF.\u00aa CAT3)"},"content":{"rendered":"<p>Escantilh\u00e3o para medi\u00e7\u00e3o de cord\u00f5es de soldadura, com perna de soldadura vari\u00e1vel, comprimentos e espessuras da \u201cgarganta\u201d da soldadura.<\/p>\n","protected":false},"excerpt":{"rendered":"<p>Escantilh\u00e3o para medi\u00e7\u00e3o de cord\u00f5es de soldadura, com perna de soldadura vari\u00e1vel, comprimentos e espessuras da \u201cgarganta\u201d da soldadura.<\/p>\n","protected":false},"featured_media":2064,"template":"","meta":{"_mi_skip_tracking":false},"product_cat":[20,24],"product_tag":[],"class_list":["post-242","product","type-product","status-publish","has-post-thumbnail","hentry","product_cat-ensaios-visuais","product_cat-escantilhoes-de-soldadura"],"_links":{"self":[{"href":"https:\/\/end.pt\/pt\/wp-json\/wp\/v3\/product\/242","targetHints":{"allow":["GET"]}}],"collection":[{"href":"https:\/\/end.pt\/pt\/wp-json\/wp\/v3\/product"}],"about":[{"href":"https:\/\/end.pt\/pt\/wp-json\/wp\/v2\/types\/product"}],"version-history":[{"count":1,"href":"https:\/\/end.pt\/pt\/wp-json\/wp\/v3\/product\/242\/revisions"}],"predecessor-version":[{"id":5354,"href":"https:\/\/end.pt\/pt\/wp-json\/wp\/v3\/product\/242\/revisions\/5354"}],"wp:featuredmedia":[{"embeddable":true,"href":"https:\/\/end.pt\/pt\/wp-json\/wp\/v2\/media\/2064"}],"wp:attachment":[{"href":"https:\/\/end.pt\/pt\/wp-json\/wp\/v2\/media?parent=242"}],"wp:term":[{"taxonomy":"product_cat","embeddable":true,"href":"https:\/\/end.pt\/pt\/wp-json\/wp\/v2\/product_cat?post=242"},{"taxonomy":"product_tag","embeddable":true,"href":"https:\/\/end.pt\/pt\/wp-json\/wp\/v2\/product_tag?post=242"}],"curies":[{"name":"wp","href":"https:\/\/api.w.org\/{rel}","templated":true}]}}