{"id":2423,"date":"2018-09-29T20:24:13","date_gmt":"2018-09-29T20:24:13","guid":{"rendered":"https:\/\/end.pt\/pt\/?post_type=product&#038;p=2423"},"modified":"2021-05-02T21:24:03","modified_gmt":"2021-05-02T21:24:03","slug":"medidor-de-magnetismo-residual-digital","status":"publish","type":"product","link":"https:\/\/end.pt\/pt\/product\/medidor-de-magnetismo-residual-digital\/","title":{"rendered":"Medidor de Magnetismo Residual Digital"},"content":{"rendered":"<p><strong>Modelo RESIDUMETER II &#8211; EMUD2K<\/strong><\/p>\n<p>Medidor digital de m\u00e3o leve, f\u00e1cil de usar e transport\u00e1vel no cinto, para determinar o campo gauss m\u00e1ximo numa pe\u00e7a ou para mapear as suas pr\u00f3prias medi\u00e7\u00f5es. Determina\u00e7\u00e3o r\u00e1pida e fi\u00e1vel da for\u00e7a e direc\u00e7\u00e3o de campos magn\u00e9ticos DC, bem como de magnetismo residual baixo.<\/p>\n","protected":false},"excerpt":{"rendered":"<p>Modelo RESIDUMETER II &#8211; EMUD2K Medidor digital de m\u00e3o leve, f\u00e1cil de usar e transport\u00e1vel no cinto, para determinar o campo gauss m\u00e1ximo numa pe\u00e7a ou para mapear as suas pr\u00f3prias medi\u00e7\u00f5es. Determina\u00e7\u00e3o r\u00e1pida e fi\u00e1vel da for\u00e7a e direc\u00e7\u00e3o de campos magn\u00e9ticos DC, bem como de magnetismo residual baixo.<\/p>\n","protected":false},"featured_media":2424,"template":"","meta":{"_mi_skip_tracking":false},"product_cat":[30,31],"product_tag":[],"class_list":["post-2423","product","type-product","status-publish","has-post-thumbnail","hentry","product_cat-acessorios-pm","product_cat-particulas-magneticas"],"_links":{"self":[{"href":"https:\/\/end.pt\/pt\/wp-json\/wp\/v3\/product\/2423","targetHints":{"allow":["GET"]}}],"collection":[{"href":"https:\/\/end.pt\/pt\/wp-json\/wp\/v3\/product"}],"about":[{"href":"https:\/\/end.pt\/pt\/wp-json\/wp\/v2\/types\/product"}],"version-history":[{"count":1,"href":"https:\/\/end.pt\/pt\/wp-json\/wp\/v3\/product\/2423\/revisions"}],"predecessor-version":[{"id":5209,"href":"https:\/\/end.pt\/pt\/wp-json\/wp\/v3\/product\/2423\/revisions\/5209"}],"wp:featuredmedia":[{"embeddable":true,"href":"https:\/\/end.pt\/pt\/wp-json\/wp\/v2\/media\/2424"}],"wp:attachment":[{"href":"https:\/\/end.pt\/pt\/wp-json\/wp\/v2\/media?parent=2423"}],"wp:term":[{"taxonomy":"product_cat","embeddable":true,"href":"https:\/\/end.pt\/pt\/wp-json\/wp\/v2\/product_cat?post=2423"},{"taxonomy":"product_tag","embeddable":true,"href":"https:\/\/end.pt\/pt\/wp-json\/wp\/v2\/product_tag?post=2423"}],"curies":[{"name":"wp","href":"https:\/\/api.w.org\/{rel}","templated":true}]}}