{"id":2429,"date":"2018-10-05T17:57:16","date_gmt":"2018-10-05T17:57:16","guid":{"rendered":"https:\/\/end.pt\/pt\/?post_type=product&#038;p=2429"},"modified":"2021-05-02T21:23:37","modified_gmt":"2021-05-02T21:23:37","slug":"teledyne-icm-site-x-serie-cp-direccional","status":"publish","type":"product","link":"https:\/\/end.pt\/pt\/product\/teledyne-icm-site-x-serie-cp-direccional\/","title":{"rendered":"Teledyne-ICM SITE-X S\u00e9rie CP Direccional"},"content":{"rendered":"<p>A nova gama de equipamentos S\u00e9rie CP (de 160kV a 320kV) foi desenhada para revolucionar o manuseamento e desempenho dos equipamentos de Raio-X port\u00e1teis. Com o peso reduzido para metade, tamanho diminu\u00eddo, mas mantendo a mesma pot\u00eancia e robustez, a s\u00e9rie CP disp\u00f5e tamb\u00e9m de janela de disparo (shutter), ponteira laser, janela de ber\u00edlio, filtro de alum\u00ednio e dois diafragmas integrados.<br \/>\nEquipamentos fornecidos em modelos direccionais e crawlers, com unidade de comando espec\u00edfica e acess\u00f3rios opcionais.<\/p>\n<p>A n\u00edvel de desempenho, embora o SITE-X CP200D e CP320D pesarem cerca de 12kg e 23kg respectivamente, s\u00e3o extremamente poderosos, capazes de penetrar 42mm (CP200D) e 70mm (CP320) de a\u00e7o em menos de 10 minutos. Al\u00e9m disso, o sistema de arrefecimento combinado com o output CP traduz-se num ciclo de trabalho a 30\u00baC. O seu input el\u00e9ctrico de 90 a 264VAC permite aos equipamentos serem utilizados em virtualmente qualquer rede el\u00e9ctrica do mundo. Finalmente o seu baixo consumo energ\u00e9tico garante que as inspec\u00e7\u00f5es s\u00e3o econ\u00f3micas e amigas do ambiente.<\/p>\n<p>Unidade de comando<br \/>\nDesenvolvida especialmente para a S\u00e9rie CP, a unidade de comando Powerbox \u00e9 \u201cPlug &amp; Play\u201d, leve , robusta, \u00e0 prova de choque, e disp\u00f5e de um bot\u00e3o multiposi\u00e7\u00e3o e um menu altamente intuitivo. Capaz de detectar automaticamente o posicionamento do carrossel.<\/p>\n","protected":false},"excerpt":{"rendered":"<p>A nova gama de equipamentos S\u00e9rie CP (de 160kV a 320kV) foi desenhada para revolucionar o manuseamento e desempenho dos equipamentos de Raio-X port\u00e1teis. Com o peso reduzido para metade, tamanho diminu\u00eddo, mas mantendo a mesma pot\u00eancia e robustez, a s\u00e9rie CP disp\u00f5e tamb\u00e9m de janela de disparo (shutter), ponteira laser, janela de ber\u00edlio, filtro [&hellip;]<\/p>\n","protected":false},"featured_media":2430,"template":"","meta":{"_mi_skip_tracking":false},"product_cat":[38,106],"product_tag":[],"class_list":["post-2429","product","type-product","status-publish","has-post-thumbnail","hentry","product_cat-equipamentos-raio-x","product_cat-teledyne-icm-site-x-serie-cp"],"_links":{"self":[{"href":"https:\/\/end.pt\/pt\/wp-json\/wp\/v3\/product\/2429","targetHints":{"allow":["GET"]}}],"collection":[{"href":"https:\/\/end.pt\/pt\/wp-json\/wp\/v3\/product"}],"about":[{"href":"https:\/\/end.pt\/pt\/wp-json\/wp\/v2\/types\/product"}],"version-history":[{"count":2,"href":"https:\/\/end.pt\/pt\/wp-json\/wp\/v3\/product\/2429\/revisions"}],"predecessor-version":[{"id":5208,"href":"https:\/\/end.pt\/pt\/wp-json\/wp\/v3\/product\/2429\/revisions\/5208"}],"wp:featuredmedia":[{"embeddable":true,"href":"https:\/\/end.pt\/pt\/wp-json\/wp\/v2\/media\/2430"}],"wp:attachment":[{"href":"https:\/\/end.pt\/pt\/wp-json\/wp\/v2\/media?parent=2429"}],"wp:term":[{"taxonomy":"product_cat","embeddable":true,"href":"https:\/\/end.pt\/pt\/wp-json\/wp\/v2\/product_cat?post=2429"},{"taxonomy":"product_tag","embeddable":true,"href":"https:\/\/end.pt\/pt\/wp-json\/wp\/v2\/product_tag?post=2429"}],"curies":[{"name":"wp","href":"https:\/\/api.w.org\/{rel}","templated":true}]}}