{"id":2433,"date":"2018-10-05T19:03:50","date_gmt":"2018-10-05T19:03:50","guid":{"rendered":"https:\/\/end.pt\/pt\/?post_type=product&#038;p=2433"},"modified":"2021-05-02T21:21:09","modified_gmt":"2021-05-02T21:21:09","slug":"teledyne-icm-site-x-serie-cp-crawlers","status":"publish","type":"product","link":"https:\/\/end.pt\/pt\/product\/teledyne-icm-site-x-serie-cp-crawlers\/","title":{"rendered":"Teledyne-ICM SITE-X S\u00e9rie CP Crawlers"},"content":{"rendered":"<p>Sem comprometer o desempenho, os crawlers CP160CR e CP180R possuem um di\u00e2metro exterior de 120mm, comprimento de 688mm e peso de menos de 10kg, tornando-os geradores raio-X port\u00e1teis para crawlers muito compactos. Com um output de 40 a 160kV \/ 0.5 a 2mA, estes geradores para crawlers s\u00e3o perfeitos para inspec\u00e7\u00e3o de tubagens desde 15cm (6 polegadas).<\/p>\n<p>O output de potencial constante dos geradores CP160CR e CP180CR reduziu o tempo de exposi\u00e7\u00e3o necess\u00e1rio para penetrar no a\u00e7o. 25 segundos de exposi\u00e7\u00e3o s\u00e3o suficientes para penetrar os normais 22mm de um tubo de a\u00e7o de 15cm (6 polegadas). Isto traduz-se em resultados mais r\u00e1pidos e uma redu\u00e7\u00e3o do consumo energ\u00e9tico.<\/p>\n<p>Unidade de comando<br \/>\nOs geradores ICM para crawlers est\u00e3o equipados com uma unidade de comando remov\u00edvel, que incluem um display LCD e teclado. Esta unidade de controlo remoto de bolso (CP RCU) garante ao utilizador um interface simples e f\u00e1cil de utilizar. Assim que o pr\u00e9-aquecimento estiver completo e os kVs e mAs inseridos, unidade de comando remota \u00e9 desligada e o crawler est\u00e1 pronto a trabalhar.<\/p>\n","protected":false},"excerpt":{"rendered":"<p>Sem comprometer o desempenho, os crawlers CP160CR e CP180R possuem um di\u00e2metro exterior de 120mm, comprimento de 688mm e peso de menos de 10kg, tornando-os geradores raio-X port\u00e1teis para crawlers muito compactos. Com um output de 40 a 160kV \/ 0.5 a 2mA, estes geradores para crawlers s\u00e3o perfeitos para inspec\u00e7\u00e3o de tubagens desde 15cm [&hellip;]<\/p>\n","protected":false},"featured_media":2435,"template":"","meta":{"_mi_skip_tracking":false},"product_cat":[38,106],"product_tag":[],"class_list":["post-2433","product","type-product","status-publish","has-post-thumbnail","hentry","product_cat-equipamentos-raio-x","product_cat-teledyne-icm-site-x-serie-cp"],"_links":{"self":[{"href":"https:\/\/end.pt\/pt\/wp-json\/wp\/v3\/product\/2433","targetHints":{"allow":["GET"]}}],"collection":[{"href":"https:\/\/end.pt\/pt\/wp-json\/wp\/v3\/product"}],"about":[{"href":"https:\/\/end.pt\/pt\/wp-json\/wp\/v2\/types\/product"}],"version-history":[{"count":2,"href":"https:\/\/end.pt\/pt\/wp-json\/wp\/v3\/product\/2433\/revisions"}],"predecessor-version":[{"id":5207,"href":"https:\/\/end.pt\/pt\/wp-json\/wp\/v3\/product\/2433\/revisions\/5207"}],"wp:featuredmedia":[{"embeddable":true,"href":"https:\/\/end.pt\/pt\/wp-json\/wp\/v2\/media\/2435"}],"wp:attachment":[{"href":"https:\/\/end.pt\/pt\/wp-json\/wp\/v2\/media?parent=2433"}],"wp:term":[{"taxonomy":"product_cat","embeddable":true,"href":"https:\/\/end.pt\/pt\/wp-json\/wp\/v2\/product_cat?post=2433"},{"taxonomy":"product_tag","embeddable":true,"href":"https:\/\/end.pt\/pt\/wp-json\/wp\/v2\/product_tag?post=2433"}],"curies":[{"name":"wp","href":"https:\/\/api.w.org\/{rel}","templated":true}]}}