{"id":244,"date":"2018-02-19T22:15:59","date_gmt":"2018-02-19T22:15:59","guid":{"rendered":"https:\/\/end.pt\/pt\/?post_type=product&#038;p=244"},"modified":"2021-05-02T22:42:23","modified_gmt":"2021-05-02T22:42:23","slug":"escantilhao-p-angulos-c-calculadora-ref-a-cat9c","status":"publish","type":"product","link":"https:\/\/end.pt\/pt\/product\/escantilhao-p-angulos-c-calculadora-ref-a-cat9c\/","title":{"rendered":"Escantilh\u00e3o P\/ \u00c2ngulos C\/ Calculadora (REF.\u00aa CAT9c)"},"content":{"rendered":"<p>Escantilh\u00e3o para medi\u00e7\u00f5es de ranhuras de locais angulosos, ou a 90\u00baC. Calculadora: relaciona matematicamente o comprimento da \u201cgarganta\u201d, \u00e2ngulos e dimens\u00f5es de inspec\u00e7\u00e3o.<\/p>\n","protected":false},"excerpt":{"rendered":"<p>Escantilh\u00e3o para medi\u00e7\u00f5es de ranhuras de locais angulosos, ou a 90\u00baC. Calculadora: relaciona matematicamente o comprimento da \u201cgarganta\u201d, \u00e2ngulos e dimens\u00f5es de inspec\u00e7\u00e3o.<\/p>\n","protected":false},"featured_media":2063,"template":"","meta":{"_mi_skip_tracking":false},"product_cat":[20,24],"product_tag":[],"class_list":["post-244","product","type-product","status-publish","has-post-thumbnail","hentry","product_cat-ensaios-visuais","product_cat-escantilhoes-de-soldadura"],"_links":{"self":[{"href":"https:\/\/end.pt\/pt\/wp-json\/wp\/v3\/product\/244","targetHints":{"allow":["GET"]}}],"collection":[{"href":"https:\/\/end.pt\/pt\/wp-json\/wp\/v3\/product"}],"about":[{"href":"https:\/\/end.pt\/pt\/wp-json\/wp\/v2\/types\/product"}],"version-history":[{"count":1,"href":"https:\/\/end.pt\/pt\/wp-json\/wp\/v3\/product\/244\/revisions"}],"predecessor-version":[{"id":5353,"href":"https:\/\/end.pt\/pt\/wp-json\/wp\/v3\/product\/244\/revisions\/5353"}],"wp:featuredmedia":[{"embeddable":true,"href":"https:\/\/end.pt\/pt\/wp-json\/wp\/v2\/media\/2063"}],"wp:attachment":[{"href":"https:\/\/end.pt\/pt\/wp-json\/wp\/v2\/media?parent=244"}],"wp:term":[{"taxonomy":"product_cat","embeddable":true,"href":"https:\/\/end.pt\/pt\/wp-json\/wp\/v2\/product_cat?post=244"},{"taxonomy":"product_tag","embeddable":true,"href":"https:\/\/end.pt\/pt\/wp-json\/wp\/v2\/product_tag?post=244"}],"curies":[{"name":"wp","href":"https:\/\/api.w.org\/{rel}","templated":true}]}}