{"id":2444,"date":"2018-10-06T18:13:18","date_gmt":"2018-10-06T18:13:18","guid":{"rendered":"https:\/\/end.pt\/pt\/?post_type=product&#038;p=2444"},"modified":"2021-05-02T21:18:15","modified_gmt":"2021-05-02T21:18:15","slug":"teledyne-icm-cp-battery","status":"publish","type":"product","link":"https:\/\/end.pt\/pt\/product\/teledyne-icm-cp-battery\/","title":{"rendered":"Teledyne-ICM CP Battery"},"content":{"rendered":"<p>Geradores port\u00e1teis de Raio-X de potencial constante ultra-leves e ultra-compactos CP120B e CP160B, capazes de penetrar atrav\u00e9s de 10mm (CP120B) e 21mm (CP160B) de a\u00e7o, num curto tempo de exposi\u00e7\u00e3o. Al\u00e9m disso, os CPB s\u00e3o capazes de distribuir um output DC constante, bem como trabalharem continuamente durante v\u00e1rios minutos sem interrup\u00e7\u00f5es para arrefecimento.<\/p>\n<p>&nbsp;<\/p>\n<p>Equipados com baterias de 37V Li-Ion, os geradores CP120B e CP160B podem trabalhar durante 300 segundos consecutivos de exposi\u00e7\u00e3o constante. Ao contr\u00e1rio das baterias convencionais, as baterias Li-Ion dos CP Battery carregam completamente em apenas uma hora.<\/p>\n<p>&nbsp;<\/p>\n<p>A pega de manuseamento \u00e9 robusta, com absor\u00e7\u00e3o de choque e visualmente apelativa, desenhada para garantir que o trabalho on-site \u00e9 mais r\u00e1pido, mais preciso e tamb\u00e9m mais f\u00e1cil.<\/p>\n<p>&nbsp;<\/p>\n<p>Gra\u00e7as \u00e0 porta RS232 do CPB, os par\u00e2metros kV, mA, tempo de exposi\u00e7\u00e3o e tempo de pr\u00e9-aviso podem ser alterados \u00e0 dist\u00e2ncia, o que permite ao operador customizar os disparos num local seguro.<\/p>\n<p>&nbsp;<\/p>\n<p>Caracter\u00edsticas principais:<\/p>\n<ul>\n<li>Output Potencial Constante<\/li>\n<li>120 kV \u2013 1 mA<\/li>\n<li>160 kV \u2013 0.5 mA<\/li>\n<li>60\u00ba x 60\u00ba feixe direccional<\/li>\n<li>Ponto focal de 0.8 x 0.5 mm \/ 0.8 x 0.7 mm<\/li>\n<li>7 kg \/ 9.2 kg incluindo bateria e pega<\/li>\n<li>Optimizado para novos meios de imaging digitais e radiogr\u00e1ficos<\/li>\n<\/ul>\n","protected":false},"excerpt":{"rendered":"<p>Geradores port\u00e1teis de Raio-X de potencial constante ultra-leves e ultra-compactos CP120B e CP160B, capazes de penetrar atrav\u00e9s de 10mm (CP120B) e 21mm (CP160B) de a\u00e7o, num curto tempo de exposi\u00e7\u00e3o. Al\u00e9m disso, os CPB s\u00e3o capazes de distribuir um output DC constante, bem como trabalharem continuamente durante v\u00e1rios minutos sem interrup\u00e7\u00f5es para arrefecimento. &nbsp; Equipados [&hellip;]<\/p>\n","protected":false},"featured_media":2445,"template":"","meta":{"_mi_skip_tracking":false},"product_cat":[38,108],"product_tag":[],"class_list":["post-2444","product","type-product","status-publish","has-post-thumbnail","hentry","product_cat-equipamentos-raio-x","product_cat-teledyne-icm-cp-battery"],"_links":{"self":[{"href":"https:\/\/end.pt\/pt\/wp-json\/wp\/v3\/product\/2444","targetHints":{"allow":["GET"]}}],"collection":[{"href":"https:\/\/end.pt\/pt\/wp-json\/wp\/v3\/product"}],"about":[{"href":"https:\/\/end.pt\/pt\/wp-json\/wp\/v2\/types\/product"}],"version-history":[{"count":3,"href":"https:\/\/end.pt\/pt\/wp-json\/wp\/v3\/product\/2444\/revisions"}],"predecessor-version":[{"id":5202,"href":"https:\/\/end.pt\/pt\/wp-json\/wp\/v3\/product\/2444\/revisions\/5202"}],"wp:featuredmedia":[{"embeddable":true,"href":"https:\/\/end.pt\/pt\/wp-json\/wp\/v2\/media\/2445"}],"wp:attachment":[{"href":"https:\/\/end.pt\/pt\/wp-json\/wp\/v2\/media?parent=2444"}],"wp:term":[{"taxonomy":"product_cat","embeddable":true,"href":"https:\/\/end.pt\/pt\/wp-json\/wp\/v2\/product_cat?post=2444"},{"taxonomy":"product_tag","embeddable":true,"href":"https:\/\/end.pt\/pt\/wp-json\/wp\/v2\/product_tag?post=2444"}],"curies":[{"name":"wp","href":"https:\/\/api.w.org\/{rel}","templated":true}]}}