{"id":2448,"date":"2018-10-06T18:25:45","date_gmt":"2018-10-06T18:25:45","guid":{"rendered":"https:\/\/end.pt\/pt\/?post_type=product&#038;p=2448"},"modified":"2021-05-02T21:17:18","modified_gmt":"2021-05-02T21:17:18","slug":"luzes-avisadoras-acusticas","status":"publish","type":"product","link":"https:\/\/end.pt\/pt\/product\/luzes-avisadoras-acusticas\/","title":{"rendered":"Luzes Avisadoras Ac\u00fasticas"},"content":{"rendered":"<p>A luz avisadora ac\u00fastica da s\u00e9rie CP \u00e9 uma luz de aviso com 3 cores (vermelho, verde e laranja) combinada com um alarme ac\u00fastico, numa estrutura refor\u00e7ada, ligada por um cabo de 20 metros.<br \/>\nV\u00e1rias configura\u00e7\u00f5es podem ser programadas e controladas pela unidade de comando. Inclui uma liga\u00e7\u00e3o ao trip\u00e9.<\/p>\n","protected":false},"excerpt":{"rendered":"<p>A luz avisadora ac\u00fastica da s\u00e9rie CP \u00e9 uma luz de aviso com 3 cores (vermelho, verde e laranja) combinada com um alarme ac\u00fastico, numa estrutura refor\u00e7ada, ligada por um cabo de 20 metros. V\u00e1rias configura\u00e7\u00f5es podem ser programadas e controladas pela unidade de comando. Inclui uma liga\u00e7\u00e3o ao trip\u00e9.<\/p>\n","protected":false},"featured_media":2449,"template":"","meta":{"_mi_skip_tracking":false},"product_cat":[127],"product_tag":[],"class_list":["post-2448","product","type-product","status-publish","has-post-thumbnail","hentry","product_cat-acessorios-teledyne-icm-site-x-serie-cp"],"_links":{"self":[{"href":"https:\/\/end.pt\/pt\/wp-json\/wp\/v3\/product\/2448","targetHints":{"allow":["GET"]}}],"collection":[{"href":"https:\/\/end.pt\/pt\/wp-json\/wp\/v3\/product"}],"about":[{"href":"https:\/\/end.pt\/pt\/wp-json\/wp\/v2\/types\/product"}],"version-history":[{"count":4,"href":"https:\/\/end.pt\/pt\/wp-json\/wp\/v3\/product\/2448\/revisions"}],"predecessor-version":[{"id":5200,"href":"https:\/\/end.pt\/pt\/wp-json\/wp\/v3\/product\/2448\/revisions\/5200"}],"wp:featuredmedia":[{"embeddable":true,"href":"https:\/\/end.pt\/pt\/wp-json\/wp\/v2\/media\/2449"}],"wp:attachment":[{"href":"https:\/\/end.pt\/pt\/wp-json\/wp\/v2\/media?parent=2448"}],"wp:term":[{"taxonomy":"product_cat","embeddable":true,"href":"https:\/\/end.pt\/pt\/wp-json\/wp\/v2\/product_cat?post=2448"},{"taxonomy":"product_tag","embeddable":true,"href":"https:\/\/end.pt\/pt\/wp-json\/wp\/v2\/product_tag?post=2448"}],"curies":[{"name":"wp","href":"https:\/\/api.w.org\/{rel}","templated":true}]}}